{"id":963,"date":"2025-04-16T07:28:45","date_gmt":"2025-04-16T07:28:45","guid":{"rendered":"https:\/\/catedraciber.etsisi.upm.es\/?page_id=963"},"modified":"2025-04-25T13:53:09","modified_gmt":"2025-04-25T13:53:09","slug":"meetup-3-registro","status":"publish","type":"page","link":"https:\/\/catedraciber.etsisi.upm.es\/en\/meetup-3-registro\/","title":{"rendered":"Meetup III : Seguridad en la Cadena de Suministro y APIs"},"content":{"rendered":"<p><strong><em>SecCraft \u2013 C\u00f3mo crear Sistemas y No ser Hackeado en el Intento<\/em><\/strong><\/p>\n\n\n\n<p class=\"has-text-align-center\"><a href=\"https:\/\/catedraciber.etsisi.upm.es\/en\/meetup-3-main\/\" data-type=\"page\" data-id=\"961\">Home<\/a> | <strong>Registration<\/strong> | <a href=\"https:\/\/catedraciber.etsisi.upm.es\/en\/meetup-3-agenda\/\" data-type=\"page\" data-id=\"965\">Schedule<\/a> | <a href=\"https:\/\/catedraciber.etsisi.upm.es\/en\/meetup-3-ubi\/\" data-type=\"page\" data-id=\"967\">Location<\/a><\/p>\n\n\n\n<p><strong>Date:<\/strong> 7 de Mayo de 16:30 a 20:30<\/p>\n\n\n\n<p><strong><em>La participaci\u00f3n en las actividades de la C\u00e1tedra de Ciberseguridad INCIBE-UPM\/ETSISI est\u00e1 reconocida como Actividad Formativa Acreditable (1 cr\u00e9dito) para todos los alumnos de la UPM (C\u00f3digo 31142)<\/em><\/strong><\/p>\n\n\n\n<p class=\"has-text-align-center has-x-large-font-size\"><strong>Registration<\/strong>\u270d\ufe0f<\/p>\n\n\n\n<p>Te invitamos a unirte a nosotros para una tarde llena de presentaciones por destacados ponentes del sector, donde se discutir\u00e1n las \u00faltimas innovaciones y desaf\u00edos en el campo. No te pierdas esta oportunidad de aprender y conectar con expertos en ciberdelincuencia, cryptos y ransomware.<\/p>\n\n\n\n<p><\/p>\n\n\n\n<p class=\"has-text-align-center\"><a href=\"https:\/\/eventos.upm.es\/134107\/detail\/meetup-iii-seguridad-en-la-cadena-de-suministro-y-apis.html\" data-type=\"link\" data-id=\"https:\/\/eventos.upm.es\/119846\/tickets\/malware-de-la-vieja-escuela-a-las-ias-generativas.html\" target=\"_blank\" rel=\"noreferrer noopener\">\u2728 !<em style=\"font-weight: bold;\">Register here!<\/em> \u2728<\/a><\/p>\n\n\n\n<figure class=\"wp-block-image aligncenter size-large\"><img data-recalc-dims=\"1\" loading=\"lazy\" decoding=\"async\" width=\"724\" height=\"1024\" src=\"https:\/\/i0.wp.com\/catedraciber.etsisi.upm.es\/wp-content\/uploads\/2025\/04\/MEETUP_3_CARTEL-1.png?resize=724%2C1024&#038;ssl=1\" alt=\"\" class=\"wp-image-1045\" srcset=\"https:\/\/i0.wp.com\/catedraciber.etsisi.upm.es\/wp-content\/uploads\/2025\/04\/MEETUP_3_CARTEL-1.png?resize=724%2C1024&amp;ssl=1 724w, https:\/\/i0.wp.com\/catedraciber.etsisi.upm.es\/wp-content\/uploads\/2025\/04\/MEETUP_3_CARTEL-1.png?resize=212%2C300&amp;ssl=1 212w, https:\/\/i0.wp.com\/catedraciber.etsisi.upm.es\/wp-content\/uploads\/2025\/04\/MEETUP_3_CARTEL-1.png?resize=768%2C1086&amp;ssl=1 768w, https:\/\/i0.wp.com\/catedraciber.etsisi.upm.es\/wp-content\/uploads\/2025\/04\/MEETUP_3_CARTEL-1.png?resize=1086%2C1536&amp;ssl=1 1086w, https:\/\/i0.wp.com\/catedraciber.etsisi.upm.es\/wp-content\/uploads\/2025\/04\/MEETUP_3_CARTEL-1.png?resize=8%2C12&amp;ssl=1 8w, https:\/\/i0.wp.com\/catedraciber.etsisi.upm.es\/wp-content\/uploads\/2025\/04\/MEETUP_3_CARTEL-1.png?w=1414&amp;ssl=1 1414w\" sizes=\"auto, (max-width: 724px) 100vw, 724px\" \/><\/figure>\n\n\n\n<p class=\"has-text-align-center\">We look forward to seeing you there!<\/p>","protected":false},"excerpt":{"rendered":"<p>SecCraft \u2013 C\u00f3mo crear Sistemas y No ser Hackeado en el Intento Principal | Registro | Agenda | Ubicaci\u00f3n Fecha: 7 de Mayo de 16:30 a 20:30 La participaci\u00f3n en las actividades de la C\u00e1tedra de Ciberseguridad INCIBE-UPM\/ETSISI est\u00e1 reconocida como Actividad Formativa Acreditable (1 cr\u00e9dito) para todos los alumnos de la UPM (C\u00f3digo 31142) [&hellip;]<\/p>\n","protected":false},"author":1,"featured_media":0,"parent":0,"menu_order":0,"comment_status":"closed","ping_status":"closed","template":"","meta":{"footnotes":""},"class_list":["post-963","page","type-page","status-publish","hentry"],"jetpack_sharing_enabled":true,"_links":{"self":[{"href":"https:\/\/catedraciber.etsisi.upm.es\/en\/wp-json\/wp\/v2\/pages\/963","targetHints":{"allow":["GET"]}}],"collection":[{"href":"https:\/\/catedraciber.etsisi.upm.es\/en\/wp-json\/wp\/v2\/pages"}],"about":[{"href":"https:\/\/catedraciber.etsisi.upm.es\/en\/wp-json\/wp\/v2\/types\/page"}],"author":[{"embeddable":true,"href":"https:\/\/catedraciber.etsisi.upm.es\/en\/wp-json\/wp\/v2\/users\/1"}],"replies":[{"embeddable":true,"href":"https:\/\/catedraciber.etsisi.upm.es\/en\/wp-json\/wp\/v2\/comments?post=963"}],"version-history":[{"count":11,"href":"https:\/\/catedraciber.etsisi.upm.es\/en\/wp-json\/wp\/v2\/pages\/963\/revisions"}],"predecessor-version":[{"id":1046,"href":"https:\/\/catedraciber.etsisi.upm.es\/en\/wp-json\/wp\/v2\/pages\/963\/revisions\/1046"}],"wp:attachment":[{"href":"https:\/\/catedraciber.etsisi.upm.es\/en\/wp-json\/wp\/v2\/media?parent=963"}],"curies":[{"name":"wp","href":"https:\/\/api.w.org\/{rel}","templated":true}]}}