{"id":961,"date":"2025-04-16T07:28:29","date_gmt":"2025-04-16T07:28:29","guid":{"rendered":"https:\/\/catedraciber.etsisi.upm.es\/?page_id=961"},"modified":"2025-04-23T15:12:42","modified_gmt":"2025-04-23T15:12:42","slug":"meetup-3-main","status":"publish","type":"page","link":"https:\/\/catedraciber.etsisi.upm.es\/en\/meetup-3-main\/","title":{"rendered":"Meetup III : Seguridad en la Cadena de Suministro y APIs"},"content":{"rendered":"<p><strong><em>SecCraft \u2013 C\u00f3mo crear Sistemas y No ser Hackeado en el Intento<\/em><\/strong><\/p>\n\n\n\n<p class=\"has-text-align-center\"><strong>Home <\/strong>| <a href=\"https:\/\/catedraciber.etsisi.upm.es\/en\/meetup-3-registro\/\" data-type=\"page\" data-id=\"963\">Registration<\/a> | <a href=\"https:\/\/catedraciber.etsisi.upm.es\/en\/meetup-3-agenda\/\" data-type=\"page\" data-id=\"965\">Schedule<\/a> | <a href=\"https:\/\/catedraciber.etsisi.upm.es\/en\/meetup-3-ubi\/\" data-type=\"page\" data-id=\"967\">Location<\/a><\/p>\n\n\n<p>La C\u00e1tedra de Ciberseguridad de ETSISI, en colaboraci\u00f3n con el INCIBE, acoger\u00e1 la tercera edici\u00f3n del Meetup de Ciberseguridad:<\/p>\n<p><strong>SecCraft &#8211; C\u00f3mo crear Sistemas y No ser Hackeado en el Intento<\/strong><\/p>\n<p>Si te apasiona la <strong>ciberseguridad<\/strong> y te intriga c\u00f3mo los atacantes aprovechan <strong>cada eslab\u00f3n d\u00e9bil<\/strong> para colarse en las <strong>cadenas mundiales de suministro<\/strong>, no te puedes perder nuestro evento.<\/p>\n<p>Exploraremos c\u00f3mo las cadenas de suministro se han convertido en el <strong>nuevo campo de batalla<\/strong> y qu\u00e9 podemos hacer para protegerlas.<\/p>\n<p class=\"has-text-align-center\">\u00a1Acomp\u00e1\u00f1anos el 7 de Mayo para descubrirlo!<\/p>\n<p><strong>Date:<\/strong> 7 de Mayo de 16:30 a 20:30<\/p>\n<p><span data-teams=\"true\"> <strong><em>La participaci\u00f3n en las actividades de la C\u00e1tedra de Ciberseguridad INCIBE-UPM\/ETSISI est\u00e1 reconocida como Actividad Formativa Acreditable (1 cr\u00e9dito) para todos los alumnos de la UPM (C\u00f3digo 31142)<\/em><\/strong><\/span><\/p>\n\n\n<p class=\"has-text-align-center has-x-large-font-size\" style=\"padding-top:var(--wp--preset--spacing--40);padding-bottom:var(--wp--preset--spacing--40)\"><strong>Speakers<\/strong> \ud83e\uddd1\u200d\ud83c\udfeb<\/p>\n\n\n\n<div class=\"wp-block-media-text is-stacked-on-mobile is-vertically-aligned-top\" style=\"margin-top:var(--wp--preset--spacing--20);margin-right:0;margin-bottom:var(--wp--preset--spacing--20);margin-left:0;padding-top:0;padding-right:0;padding-bottom:0;padding-left:0;grid-template-columns:30% auto\"><figure class=\"wp-block-media-text__media\"><img data-recalc-dims=\"1\" loading=\"lazy\" decoding=\"async\" width=\"939\" height=\"939\" src=\"https:\/\/i0.wp.com\/catedraciber.etsisi.upm.es\/wp-content\/uploads\/2025\/04\/danisa_jokanovich.jpeg?resize=939%2C939&#038;ssl=1\" alt=\"\" class=\"wp-image-979 size-full\" srcset=\"https:\/\/i0.wp.com\/catedraciber.etsisi.upm.es\/wp-content\/uploads\/2025\/04\/danisa_jokanovich.jpeg?w=939&amp;ssl=1 939w, https:\/\/i0.wp.com\/catedraciber.etsisi.upm.es\/wp-content\/uploads\/2025\/04\/danisa_jokanovich.jpeg?resize=300%2C300&amp;ssl=1 300w, https:\/\/i0.wp.com\/catedraciber.etsisi.upm.es\/wp-content\/uploads\/2025\/04\/danisa_jokanovich.jpeg?resize=150%2C150&amp;ssl=1 150w, https:\/\/i0.wp.com\/catedraciber.etsisi.upm.es\/wp-content\/uploads\/2025\/04\/danisa_jokanovich.jpeg?resize=768%2C768&amp;ssl=1 768w, https:\/\/i0.wp.com\/catedraciber.etsisi.upm.es\/wp-content\/uploads\/2025\/04\/danisa_jokanovich.jpeg?resize=12%2C12&amp;ssl=1 12w\" sizes=\"auto, (max-width: 939px) 100vw, 939px\" \/><\/figure><div class=\"wp-block-media-text__content\">\n<p class=\"has-text-align-right has-large-font-size\" style=\"margin-top:0;margin-right:0;margin-bottom:0;margin-left:0\">Danisa Jokanovich &#8211; Vodafone<\/p>\n\n\n\n<p style=\"margin-top:0;margin-right:0;margin-bottom:0;margin-left:0\">Ingeniera en Sistemas Inform\u00e1ticos, especialista en ciberseguridad e inform\u00e1tica forense. Actualmente l\u00edder en Arquitectura de Soluciones de Ciberseguridad.<\/p>\n<\/div><\/div>\n\n\n\n<div class=\"wp-block-media-text is-stacked-on-mobile is-vertically-aligned-top\" style=\"margin-top:var(--wp--preset--spacing--20);margin-right:0;margin-bottom:var(--wp--preset--spacing--20);margin-left:0;padding-top:0;padding-right:0;padding-bottom:0;padding-left:0;grid-template-columns:30% auto\"><figure class=\"wp-block-media-text__media\"><img data-recalc-dims=\"1\" loading=\"lazy\" decoding=\"async\" width=\"241\" height=\"205\" src=\"https:\/\/i0.wp.com\/catedraciber.etsisi.upm.es\/wp-content\/uploads\/2025\/04\/Joel_Serna.png?resize=241%2C205&#038;ssl=1\" alt=\"\" class=\"wp-image-1013 size-full\" srcset=\"https:\/\/i0.wp.com\/catedraciber.etsisi.upm.es\/wp-content\/uploads\/2025\/04\/Joel_Serna.png?w=241&amp;ssl=1 241w, https:\/\/i0.wp.com\/catedraciber.etsisi.upm.es\/wp-content\/uploads\/2025\/04\/Joel_Serna.png?resize=14%2C12&amp;ssl=1 14w\" sizes=\"auto, (max-width: 241px) 100vw, 241px\" \/><\/figure><div class=\"wp-block-media-text__content\">\n<p class=\"has-text-align-right has-large-font-size\" style=\"margin-top:0;margin-right:0;margin-bottom:0;margin-left:0\">Joel Serna &#8211; Titanium Industrial Security<\/p>\n\n\n\n<p style=\"margin-top:0;margin-right:0;margin-bottom:0;margin-left:0\">IoT\/ICS Pentest Engineer en Titanium Industrial Security. Interesado en todo lo relacionado con hacking, hardware, radio, etc. Escritor de varios art\u00edculos en el blog de seguridad inform\u00e1tica TheHackerWay.<\/p>\n<\/div><\/div>\n\n\n\n<div class=\"wp-block-media-text is-stacked-on-mobile is-vertically-aligned-top\" style=\"margin-top:var(--wp--preset--spacing--20);margin-right:0;margin-bottom:var(--wp--preset--spacing--20);margin-left:0;padding-top:0;padding-right:0;padding-bottom:0;padding-left:0;grid-template-columns:30% auto\"><figure class=\"wp-block-media-text__media\"><img data-recalc-dims=\"1\" loading=\"lazy\" decoding=\"async\" width=\"225\" height=\"225\" src=\"https:\/\/i0.wp.com\/catedraciber.etsisi.upm.es\/wp-content\/uploads\/2025\/04\/David_Marugan.jpeg?resize=225%2C225&#038;ssl=1\" alt=\"\" class=\"wp-image-1015 size-full\" srcset=\"https:\/\/i0.wp.com\/catedraciber.etsisi.upm.es\/wp-content\/uploads\/2025\/04\/David_Marugan.jpeg?w=225&amp;ssl=1 225w, https:\/\/i0.wp.com\/catedraciber.etsisi.upm.es\/wp-content\/uploads\/2025\/04\/David_Marugan.jpeg?resize=150%2C150&amp;ssl=1 150w, https:\/\/i0.wp.com\/catedraciber.etsisi.upm.es\/wp-content\/uploads\/2025\/04\/David_Marugan.jpeg?resize=12%2C12&amp;ssl=1 12w\" sizes=\"auto, (max-width: 225px) 100vw, 225px\" \/><\/figure><div class=\"wp-block-media-text__content\">\n<p class=\"has-text-align-right has-large-font-size\" style=\"margin-top:0;margin-right:0;margin-bottom:0;margin-left:0\">David Marug\u00e1n &#8211; Titanium Industrial Security<\/p>\n\n\n\n<p style=\"margin-top:0;margin-right:0;margin-bottom:0;margin-left:0\">Presales Manager en Titanium Industrial Security. Consultor, especialista en seguridad y radiocomunicaciones. Ha focalizado su trabajo en el hacking de radiofrecuencia, seguridad y OPSEC, comunicaciones encubiertas y t\u00e9cnicas SIGINT, Ha escrito art\u00edculos y libros y ha colaborado en m\u00faltiples programas de TV y radio en temas relacionados con la ciberseguridad y radiofrecuencia. Ha sido ponente en diferentes eventos de ciberseguridad y hacking a nivel nacional e internacional.<\/p>\n<\/div><\/div>\n\n\n\n<div class=\"wp-block-media-text is-stacked-on-mobile is-vertically-aligned-top\" style=\"margin-top:var(--wp--preset--spacing--20);margin-right:0;margin-bottom:var(--wp--preset--spacing--20);margin-left:0;padding-top:0;padding-right:0;padding-bottom:0;padding-left:0;grid-template-columns:30% auto\"><figure class=\"wp-block-media-text__media\"><img data-recalc-dims=\"1\" loading=\"lazy\" decoding=\"async\" width=\"929\" height=\"929\" src=\"https:\/\/i0.wp.com\/catedraciber.etsisi.upm.es\/wp-content\/uploads\/2025\/04\/JudithMedina-Foto-1.jpg?resize=929%2C929&#038;ssl=1\" alt=\"\" class=\"wp-image-1039 size-full\" srcset=\"https:\/\/i0.wp.com\/catedraciber.etsisi.upm.es\/wp-content\/uploads\/2025\/04\/JudithMedina-Foto-1.jpg?w=929&amp;ssl=1 929w, https:\/\/i0.wp.com\/catedraciber.etsisi.upm.es\/wp-content\/uploads\/2025\/04\/JudithMedina-Foto-1.jpg?resize=300%2C300&amp;ssl=1 300w, https:\/\/i0.wp.com\/catedraciber.etsisi.upm.es\/wp-content\/uploads\/2025\/04\/JudithMedina-Foto-1.jpg?resize=150%2C150&amp;ssl=1 150w, https:\/\/i0.wp.com\/catedraciber.etsisi.upm.es\/wp-content\/uploads\/2025\/04\/JudithMedina-Foto-1.jpg?resize=768%2C768&amp;ssl=1 768w, https:\/\/i0.wp.com\/catedraciber.etsisi.upm.es\/wp-content\/uploads\/2025\/04\/JudithMedina-Foto-1.jpg?resize=12%2C12&amp;ssl=1 12w\" sizes=\"auto, (max-width: 929px) 100vw, 929px\" \/><\/figure><div class=\"wp-block-media-text__content\">\n<p class=\"has-text-align-right has-large-font-size\" style=\"margin-top:0;margin-right:0;margin-bottom:0;margin-left:0\">Judith Medina &#8211; Akamai Technologies<\/p>\n\n\n\n<p style=\"margin-top:0;margin-right:0;margin-bottom:0;margin-left:0\">Judith Medina es Senior Solutions Engineer en Akamai Technologies, donde acumula m\u00e1s de siete a\u00f1os de experiencia ofreciendo soluciones avanzadas de seguridad y rendimiento para empresas de distintos sectores. En los \u00faltimos a\u00f1os, su enfoque se ha centrado especialmente en entornos cloud, ayudando a organizaciones a proteger y optimizar sus infraestructuras digitales frente a amenazas emergentes.<\/p>\n\n\n\n<p>A lo largo de su carrera, Judith ha acompa\u00f1ado a numerosos clientes en la implementaci\u00f3n de estrategias de ciberseguridad, combinando su conocimiento en protecci\u00f3n de aplicaciones con una s\u00f3lida experiencia en web performance. Adem\u00e1s, cuenta con experiencia previa como desarrolladora en el mundo de aplicaciones m\u00f3viles, lo que le aporta una visi\u00f3n integral de los retos t\u00e9cnicos y de negocio en entornos digitales.<\/p>\n<\/div><\/div>","protected":false},"excerpt":{"rendered":"<p>SecCraft \u2013 C\u00f3mo crear Sistemas y No ser Hackeado en el Intento Principal | Registro | Agenda | Ubicaci\u00f3n La C\u00e1tedra de Ciberseguridad de ETSISI, en colaboraci\u00f3n con el INCIBE, acoger\u00e1 la tercera edici\u00f3n del Meetup de Ciberseguridad: SecCraft &#8211; C\u00f3mo crear Sistemas y No ser Hackeado en el Intento Si te apasiona la ciberseguridad [&hellip;]<\/p>\n","protected":false},"author":1,"featured_media":0,"parent":0,"menu_order":0,"comment_status":"closed","ping_status":"closed","template":"","meta":{"footnotes":""},"class_list":["post-961","page","type-page","status-publish","hentry"],"jetpack_sharing_enabled":true,"_links":{"self":[{"href":"https:\/\/catedraciber.etsisi.upm.es\/en\/wp-json\/wp\/v2\/pages\/961","targetHints":{"allow":["GET"]}}],"collection":[{"href":"https:\/\/catedraciber.etsisi.upm.es\/en\/wp-json\/wp\/v2\/pages"}],"about":[{"href":"https:\/\/catedraciber.etsisi.upm.es\/en\/wp-json\/wp\/v2\/types\/page"}],"author":[{"embeddable":true,"href":"https:\/\/catedraciber.etsisi.upm.es\/en\/wp-json\/wp\/v2\/users\/1"}],"replies":[{"embeddable":true,"href":"https:\/\/catedraciber.etsisi.upm.es\/en\/wp-json\/wp\/v2\/comments?post=961"}],"version-history":[{"count":17,"href":"https:\/\/catedraciber.etsisi.upm.es\/en\/wp-json\/wp\/v2\/pages\/961\/revisions"}],"predecessor-version":[{"id":1040,"href":"https:\/\/catedraciber.etsisi.upm.es\/en\/wp-json\/wp\/v2\/pages\/961\/revisions\/1040"}],"wp:attachment":[{"href":"https:\/\/catedraciber.etsisi.upm.es\/en\/wp-json\/wp\/v2\/media?parent=961"}],"curies":[{"name":"wp","href":"https:\/\/api.w.org\/{rel}","templated":true}]}}