{"id":958,"date":"2025-04-23T11:03:10","date_gmt":"2025-04-23T11:03:10","guid":{"rendered":"https:\/\/catedraciber.etsisi.upm.es\/?page_id=958"},"modified":"2025-05-22T16:45:50","modified_gmt":"2025-05-22T16:45:50","slug":"escuela-de-doctorado-como-llegar","status":"publish","type":"page","link":"https:\/\/catedraciber.etsisi.upm.es\/en\/escuela-de-doctorado-como-llegar\/","title":{"rendered":"Postgraduate Summer School II"},"content":{"rendered":"<div class=\"wp-block-columns is-layout-flex wp-container-core-columns-is-layout-28f84493 wp-block-columns-is-layout-flex\">\n<div class=\"wp-block-column is-layout-flow wp-block-column-is-layout-flow\">\n<h5 class=\"wp-block-heading\"><a href=\"https:\/\/catedraciber.etsisi.upm.es\/en\/escuela-de-doctorado\/\" data-type=\"page\" data-id=\"1019\">Home<\/a><\/h5>\n<\/div>\n\n\n\n<div class=\"wp-block-column is-layout-flow wp-block-column-is-layout-flow\">\n<h5 class=\"wp-block-heading\"><a href=\"https:\/\/catedraciber.etsisi.upm.es\/en\/escuela-de-doctorado-charlas\/\" data-type=\"page\" data-id=\"947\">Speakers<\/a><\/h5>\n<\/div>\n\n\n\n<div class=\"wp-block-column is-layout-flow wp-block-column-is-layout-flow\">\n<h5 class=\"wp-block-heading\"><a href=\"https:\/\/catedraciber.etsisi.upm.es\/en\/escuala-de-doctorado-horario\/\" data-type=\"page\" data-id=\"949\">Schedule<\/a><\/h5>\n<\/div>\n\n\n\n<div class=\"wp-block-column is-layout-flow wp-block-column-is-layout-flow\">\n<h5 class=\"wp-block-heading\"><a href=\"https:\/\/catedraciber.etsisi.upm.es\/en\/escuela-de-doctorado-actividades\/\" data-type=\"page\" data-id=\"951\">Activities<\/a><\/h5>\n<\/div>\n\n\n\n<div class=\"wp-block-column is-layout-flow wp-block-column-is-layout-flow\">\n<h5 class=\"wp-block-heading\"><a href=\"https:\/\/catedraciber.etsisi.upm.es\/en\/escuela-de-doctorado-residencia\/\" data-type=\"page\" data-id=\"953\">Accommodation<\/a><\/h5>\n<\/div>\n\n\n\n<div class=\"wp-block-column is-layout-flow wp-block-column-is-layout-flow\">\n<h5 class=\"wp-block-heading\"><a href=\"https:\/\/catedraciber.etsisi.upm.es\/en\/escuela-de-doctorado-registro\/\" data-type=\"page\" data-id=\"955\">Registration<\/a><\/h5>\n<\/div>\n\n\n\n<div class=\"wp-block-column is-layout-flow wp-block-column-is-layout-flow\">\n<h4 class=\"wp-block-heading\"><strong>How to get there<\/strong><\/h4>\n<\/div>\n<\/div>\n\n\n\n<hr class=\"wp-block-separator has-alpha-channel-opacity\" style=\"margin-top:var(--wp--preset--spacing--40);margin-bottom:var(--wp--preset--spacing--40)\"\/>\n\n\n\n<p>The summer school is located 50 minutes from downtown Madrid, with Adolfo Su\u00e1rez Madrid-Barajas Airport being the closest airport. The airport has a metro and train station. <\/p>\n\n\n\n<p class=\"has-text-align-center\"><strong>BY TRAIN<\/strong>\ud83d\ude86<\/p>\n\n\n\n<p>From the stations of&nbsp;<strong>Atocha<\/strong>,&nbsp;<strong>Recoletos<\/strong>,&nbsp;<strong>Nuevos Ministerios<\/strong>&nbsp;and&nbsp;<strong>Chamart\u00edn<\/strong>, you can take&nbsp;<strong>line C8<\/strong>&nbsp;of Cercanias (Commuter train) heading to&nbsp;<strong>Cercedilla<\/strong>. The trip takes about an hour and twenty minutes.&nbsp;<em><a href=\"https:\/\/www.renfe.com\/es\/es\/cercanias\/cercanias-madrid\/horarios\" target=\"_blank\" rel=\"noreferrer noopener\">View schedules<\/a><\/em><\/p>\n\n\n\n<p>Once at the Cercedilla station, you will have to&nbsp;<a href=\"https:\/\/www.redtransporte.com\/madrid\/autobuses-urbanos\/l-1-cercedilla.html\" target=\"_blank\" rel=\"noreferrer noopener\">take the bus<\/a>&nbsp;that takes you to&nbsp;<strong>Hospital de la Fuenfr\u00eda (Fruenfr\u00eda Hospital)<\/strong>, and from there take a short walk to the Hall of Residence. Alternatively, there is a taxi stand at the train station. A shuttle service will be available, departing from the station, for all students arriving on the 1st of September.<\/p>\n\n\n\n<p class=\"has-text-align-center\"><strong>BY BUS<\/strong> \ud83d\ude8c<\/p>\n\n\n\n<p>At Moncloa Transport Hub (C\/ Princesa, 89), intercity buses depart for Cercedilla on line 684&nbsp;<a href=\"https:\/\/www.redtransporte.com\/madrid\/autobuses-interurbanos\/684-madrid-las-rozas-cercedilla.html\" target=\"_blank\" rel=\"noreferrer noopener\">View schedules<\/a>. You should get off at Cercedilla train station and &nbsp;<a href=\"http:\/\/www.horariosautobuses.org\/linea-1-hospital-de-la-fuenfria-instituto-cercedilla.html\" target=\"_blank\" rel=\"noreferrer noopener\">take the bus<\/a>&nbsp;that takes you to&nbsp;<strong>take the bus that goes to Fuenfr\u00eda Hospital.&nbsp;<\/strong>From there, take a short walk to the Hall of Residence. There is also a taxi stand at the train station<\/p>\n\n\n\n<p class=\"has-text-align-center\"><strong>BY CAR<\/strong> \ud83d\ude97<\/p>\n\n\n\n<p>From Madrid, take A-6 to&nbsp;<strong>Guadarrama<\/strong>. Then, take&nbsp;<strong>M-622<\/strong>&nbsp;to&nbsp;<strong>Los Molinos-Cercedilla<\/strong>.<\/p>\n\n\n\n<p class=\"has-text-align-center\">If you are not coming from Madrid, press&nbsp;<strong><a href=\"https:\/\/maps.google.es\/maps?f=d&amp;source=embed&amp;saddr=Calle+de+la+Princesa,+Madrid&amp;daddr=Ctra.+de+las+Dehesas&amp;geocode=FQrnaAIdAk_H_ynhn1riaChCDTEXdiMUVfVXlQ%3BFQcJbgId_-bB_w&amp;aq=0&amp;oq=Calle+de+la+Princesa&amp;sll=40.766469,-4.069319&amp;sspn=0.014058,0.01929&amp;t=m&amp;hl=es&amp;mra=ls&amp;ie=UTF8&amp;ll=40.597271,-3.90564&amp;spn=0.500516,0.878906&amp;z=10\" target=\"_blank\" rel=\"noreferrer noopener\">right here<\/a><\/strong>&nbsp;and modify your starting point to see alternative routes.<\/p>\n\n\n\n<div class=\"wp-block-jetpack-map is-style-terrain\" data-map-id=\"jp-map-1\" data-map-provider=\"mapbox\" data-api-key=\"pk.eyJ1IjoiY2F0ZWRyYWNpYmVyIiwiYSI6ImNsdjI0Y3J1NDBkYmIyanA4bnVtOTBnOWcifQ.-IbfA3Aghw85ohc9ZLRNfA\" data-map-style=\"terrain\"><ul><li><a href=\"https:\/\/www.google.com\/maps\/search\/?api=1&amp;query=40.760064,-4.070777\">Residencia UPM<\/a><\/li><\/ul><\/div>","protected":false},"excerpt":{"rendered":"<p>Principal Charlas Horario Actividades Residencia Registro C\u00f3mo llegar La escuela de verano se encuentra a 50 min de Madrid centro, siendo el aeropuerto de referencia el Aeropuerto Adolfo Su\u00e1rez, Madrid-Barajas. El aeropuerto cuenta con estaci\u00f3n de Metro y Cercan\u00edas. TREN\ud83d\ude86 Desde las estaciones de&nbsp;Atocha,&nbsp;Recoletos,&nbsp;Nuevos Ministerios&nbsp;y&nbsp;Chamart\u00edn, puede cogerse la&nbsp;l\u00ednea C8&nbsp;de cercan\u00edas con direcci\u00f3n&nbsp;Cercedilla. Es un recorrido [&hellip;]<\/p>\n","protected":false},"author":1,"featured_media":0,"parent":0,"menu_order":0,"comment_status":"closed","ping_status":"closed","template":"","meta":{"footnotes":""},"class_list":["post-958","page","type-page","status-publish","hentry"],"jetpack_sharing_enabled":true,"_links":{"self":[{"href":"https:\/\/catedraciber.etsisi.upm.es\/en\/wp-json\/wp\/v2\/pages\/958","targetHints":{"allow":["GET"]}}],"collection":[{"href":"https:\/\/catedraciber.etsisi.upm.es\/en\/wp-json\/wp\/v2\/pages"}],"about":[{"href":"https:\/\/catedraciber.etsisi.upm.es\/en\/wp-json\/wp\/v2\/types\/page"}],"author":[{"embeddable":true,"href":"https:\/\/catedraciber.etsisi.upm.es\/en\/wp-json\/wp\/v2\/users\/1"}],"replies":[{"embeddable":true,"href":"https:\/\/catedraciber.etsisi.upm.es\/en\/wp-json\/wp\/v2\/comments?post=958"}],"version-history":[{"count":5,"href":"https:\/\/catedraciber.etsisi.upm.es\/en\/wp-json\/wp\/v2\/pages\/958\/revisions"}],"predecessor-version":[{"id":1207,"href":"https:\/\/catedraciber.etsisi.upm.es\/en\/wp-json\/wp\/v2\/pages\/958\/revisions\/1207"}],"wp:attachment":[{"href":"https:\/\/catedraciber.etsisi.upm.es\/en\/wp-json\/wp\/v2\/media?parent=958"}],"curies":[{"name":"wp","href":"https:\/\/api.w.org\/{rel}","templated":true}]}}