{"id":949,"date":"2025-04-23T11:02:43","date_gmt":"2025-04-23T11:02:43","guid":{"rendered":"https:\/\/catedraciber.etsisi.upm.es\/?page_id=949"},"modified":"2025-08-25T08:50:08","modified_gmt":"2025-08-25T08:50:08","slug":"escuala-de-doctorado-horario","status":"publish","type":"page","link":"https:\/\/catedraciber.etsisi.upm.es\/en\/escuala-de-doctorado-horario\/","title":{"rendered":"Postgraduate Summer School II"},"content":{"rendered":"<div class=\"wp-block-columns is-layout-flex wp-container-core-columns-is-layout-28f84493 wp-block-columns-is-layout-flex\">\n<div class=\"wp-block-column is-layout-flow wp-block-column-is-layout-flow\">\n<h5 class=\"wp-block-heading\"><a href=\"https:\/\/catedraciber.etsisi.upm.es\/en\/escuela-de-doctorado\/\" data-type=\"page\" data-id=\"1019\">Home<\/a><\/h5>\n<\/div>\n\n\n\n<div class=\"wp-block-column is-layout-flow wp-block-column-is-layout-flow\">\n<h5 class=\"wp-block-heading\"><a href=\"https:\/\/catedraciber.etsisi.upm.es\/en\/escuela-de-doctorado-charlas\/\" data-type=\"page\" data-id=\"947\">Speakers<\/a><\/h5>\n<\/div>\n\n\n\n<div class=\"wp-block-column is-layout-flow wp-block-column-is-layout-flow\">\n<h4 class=\"wp-block-heading\"><strong>Schedule<\/strong><\/h4>\n<\/div>\n\n\n\n<div class=\"wp-block-column is-layout-flow wp-block-column-is-layout-flow\">\n<h5 class=\"wp-block-heading\"><a href=\"https:\/\/catedraciber.etsisi.upm.es\/en\/escuela-de-doctorado-actividades\/\" data-type=\"page\" data-id=\"951\">Activities<\/a><\/h5>\n<\/div>\n\n\n\n<div class=\"wp-block-column is-layout-flow wp-block-column-is-layout-flow\">\n<h5 class=\"wp-block-heading\"><a href=\"https:\/\/catedraciber.etsisi.upm.es\/en\/escuela-de-doctorado-residencia\/\" data-type=\"page\" data-id=\"953\">Accommodation<\/a><\/h5>\n<\/div>\n\n\n\n<div class=\"wp-block-column is-layout-flow wp-block-column-is-layout-flow\">\n<h5 class=\"wp-block-heading\"><a href=\"https:\/\/catedraciber.etsisi.upm.es\/en\/escuela-de-doctorado-registro\/\" data-type=\"page\" data-id=\"955\">Registration<\/a><\/h5>\n<\/div>\n\n\n\n<div class=\"wp-block-column is-layout-flow wp-block-column-is-layout-flow\">\n<h5 class=\"wp-block-heading\"><a href=\"https:\/\/catedraciber.etsisi.upm.es\/en\/escuela-de-doctorado-como-llegar\/\" data-type=\"page\" data-id=\"958\">How to get there<\/a><\/h5>\n<\/div>\n<\/div>\n\n\n\n<hr class=\"wp-block-separator has-alpha-channel-opacity\" style=\"margin-top:var(--wp--preset--spacing--40);margin-bottom:var(--wp--preset--spacing--40)\"\/>\n\n\n\n<p>This page includes all the scheduled activities that will take place during the summer school. We will update this page as we confirm new talks and activities<\/p>\n\n\n\n<!DOCTYPE html>\n<html lang=\"es\">\n<head>\n    <meta charset=\"UTF-8\">\n    <meta name=\"viewport\" content=\"width=device-width, initial-scale=1.0\">\n    <style>\n        table {\n            width: 100%;\n            border-collapse: collapse;\n        }\n        th, td {\n            border: 1px solid white; \/* Cambiar l\u00edneas a blanco *\/\n            text-align: center;\n            padding: 12px; \/* Aumentar el padding para mayor altura *\/\n        }\n        th {\n            background-color: #d3d3d3; \/* Gris clarito *\/\n        }\n        tr:nth-child(even) {\n            background-color: #f2f2f2; \/* Gris clarito *\/\n        }\n        tr:nth-child(odd) {\n            background-color: #ffffff; \/* Blanco *\/\n        }\n    <\/style>\n<\/head>\n<body>\n    <table>\n        <thead>\n            <tr>\n                <th><\/th>\n                <th>7<br>Sunday<\/th>\n                <th>8<br>Monday<\/th>\n                <th>9<br>Tuesday<\/th>\n                <th>10<br>Wednesday<\/th>\n                <th>11<br>Thursday<\/th>\n                <th>12<br>Friday<\/th>\n                <th>13<br>Saturday<\/th>\n                <th>14<br>Sunday<\/th>\n            <\/tr>\n        <\/thead>\n        <tbody>\n            <tr>\n                <td class=\"header-column\">08:00 &#8211; 09:15<\/td>\n                <td>Arrival<\/td>\n                <td>Breakfast<\/td>\n                <td>Breakfast<\/td>\n                <td>Breakfast<\/td>\n                <td>Breakfast<\/td>\n                <td>Breakfast<\/td>\n                <td><a href=\"https:\/\/catedraciber.etsisi.upm.es\/en\/escuela-de-doctorado-actividades\/#act-museos\">Visit to Madrid<\/a><\/td>\n                <td>Departure<\/td>\n            <\/tr>\n            <tr>\n                <td class=\"header-column\">09:30 &#8211; 11:00<\/td>\n                <td><\/td>\n                <td><a href=\"https:\/\/catedraciber.etsisi.upm.es\/en\/escuela-de-doctorado-charlas\/#charla-ricardo\">Dr. Ricardo J. Rodr\u00edguez<\/a><\/td>\n                <td><a href=\"https:\/\/catedraciber.etsisi.upm.es\/en\/escuela-de-doctorado-charlas\/#charla-patricia\">Dr. Patricia Callejo<\/a><\/td>\n                <td><a href=\"https:\/\/catedraciber.etsisi.upm.es\/en\/escuela-de-doctorado-charlas\/#charla-pierre\">Dr. Pierre Ayoub<\/a><\/td>\n                <td><a href=\"https:\/\/catedraciber.etsisi.upm.es\/en\/escuela-de-doctorado-charlas\/#charla-darren\">Dr. Darren Hurley-Smith<\/a><\/td>\n                <td><a href=\"https:\/\/catedraciber.etsisi.upm.es\/en\/escuela-de-doctorado-charlas\/#charla-Konstantinos\">Dr. Konstantinos Mersinas<\/a><\/td>\n                <td><\/td>\n                <td><\/td>\n            <\/tr>\n            <tr>\n                <td class=\"header-column\">11:00 &#8211; 11:30<\/td>\n                <td><\/td>\n                <td>Coffee Break<\/td>\n                <td>Coffee Break<\/td>\n                <td>Coffee Break<\/td>\n                <td>Coffee Break<\/td>\n                <td>Coffee Break<\/td>\n                <td><\/td>\n                <td><\/td>\n            <\/tr>\n            <tr>\n                <td class=\"header-column\">11:30 &#8211; 13:00<\/td>\n                <td><\/td>\n                <td><a href=\"https:\/\/catedraciber.etsisi.upm.es\/en\/escuela-de-doctorado-charlas\/#charla-alessandra\">Dr. Alessandra Gorla<\/a><\/td>\n                <td><a href=\"https:\/\/catedraciber.etsisi.upm.es\/en\/escuela-de-doctorado-charlas\/#charla-pierre\">Dr. Pierre Ayoub<\/a><\/td>\n                <td><a href=\"https:\/\/catedraciber.etsisi.upm.es\/en\/escuela-de-doctorado-charlas\/#charla-marie\">Dr. Marie Vasek<\/a><\/td>\n                <td><a href=\"https:\/\/catedraciber.etsisi.upm.es\/en\/escuela-de-doctorado-charlas\/#charla-orr\">Prof. Orr Dunkelman<\/a><\/td>\n                <td><a href=\"https:\/\/catedraciber.etsisi.upm.es\/en\/escuela-de-doctorado-charlas\/#charla-luca\">Dr. Luca Demetrio<\/a><\/td>\n                <td><\/td>\n                <td><\/td>\n            <\/tr>\n            <tr>\n                <td class=\"header-column\">13:00 &#8211; 14:30<\/td>\n                <td><\/td>\n                <td>Lunch<\/td>\n                <td>Lunch<\/td>\n                <td><a href=\"https:\/\/catedraciber.etsisi.upm.es\/en\/escuela-de-doctorado-actividades\/#act-segovia\">Visit to Segovia<\/a><\/td>\n                <td>Lunch<\/td>\n                <td>Lunch<\/td>\n                <td><\/td>\n                <td><\/td>\n            <\/tr>\n            <tr>\n                <td class=\"header-column\">14:30 &#8211; 17:00<\/td>\n                <td><\/td>\n                <td><a href=\"https:\/\/catedraciber.etsisi.upm.es\/en\/escuela-de-doctorado-actividades\/#act-posters\">Poster Session<\/a><\/td>\n                <td><a href=\"https:\/\/catedraciber.etsisi.upm.es\/en\/escuela-de-doctorado-actividades\/#act-articulos\">Paper Writing Tools<\/a><\/td>\n                <td><a href=\"https:\/\/catedraciber.etsisi.upm.es\/en\/escuela-de-doctorado-actividades\/#act-segovia\">Visit to Segovia<\/a><\/td>\n                <td><a href=\"https:\/\/catedraciber.etsisi.upm.es\/en\/escuela-de-doctorado-actividades\/#act-resumenes\">Workshop Abstracts<\/a><\/td>\n                <td>Presentations<\/td>\n                <td><\/td>\n                <td><\/td>\n            <\/tr>\n            <tr>\n                <td class=\"header-column\">17:00 &#8211; 19:30<\/td>\n                <td><\/td>\n                <td><\/td>\n                <td><\/td>\n                <td><a href=\"https:\/\/catedraciber.etsisi.upm.es\/en\/escuela-de-doctorado-actividades\/#act-segovia\">Visit to Segovia<\/a><\/td>\n                <td><a href=\"https:\/\/catedraciber.etsisi.upm.es\/en\/escuela-de-doctorado-actividades\/#act-senda\">Los Miradores Path<\/a><\/td>\n                <td><\/td>\n                <td><\/td>\n            <\/tr>\n            <tr>\n                <td class=\"header-column\">19:30 &#8211; 21:30<\/td>\n                <td>Dinner<\/td>\n                <td>Dinner<\/td>\n                <td>Dinner<\/td>\n                <td><a href=\"https:\/\/catedraciber.etsisi.upm.es\/en\/escuela-de-doctorado-actividades\/#act-segovia\">Visit to Segovia<\/a><\/td>\n                <td>Dinner<\/td>\n                <td>Dinner<\/td>\n                <td>Dinner<\/td>\n                <td><\/td>\n            <\/tr>\n        <\/tbody>\n    <\/table>\n<\/body>\n<\/html>","protected":false},"excerpt":{"rendered":"<p>Principal Charlas Horario Actividades Residencia Registro C\u00f3mo llegar En esta p\u00e1gina podr\u00e1s encontrar el horario de la escuela de verano. Seg\u00fan se vaya confirmando cada una de las charlas y actividades de la escuela se ir\u00e1 actualizando el horario con enlaces a las mismas: 7Domingo 8Lunes 9Martes 10Mi\u00e9rcoles 11Jueves 12Viernes 13S\u00e1bado 14Domingo 08:00 &#8211; 09:15 [&hellip;]<\/p>\n","protected":false},"author":1,"featured_media":0,"parent":0,"menu_order":0,"comment_status":"closed","ping_status":"closed","template":"","meta":{"footnotes":""},"class_list":["post-949","page","type-page","status-publish","hentry"],"jetpack_sharing_enabled":true,"_links":{"self":[{"href":"https:\/\/catedraciber.etsisi.upm.es\/en\/wp-json\/wp\/v2\/pages\/949","targetHints":{"allow":["GET"]}}],"collection":[{"href":"https:\/\/catedraciber.etsisi.upm.es\/en\/wp-json\/wp\/v2\/pages"}],"about":[{"href":"https:\/\/catedraciber.etsisi.upm.es\/en\/wp-json\/wp\/v2\/types\/page"}],"author":[{"embeddable":true,"href":"https:\/\/catedraciber.etsisi.upm.es\/en\/wp-json\/wp\/v2\/users\/1"}],"replies":[{"embeddable":true,"href":"https:\/\/catedraciber.etsisi.upm.es\/en\/wp-json\/wp\/v2\/comments?post=949"}],"version-history":[{"count":19,"href":"https:\/\/catedraciber.etsisi.upm.es\/en\/wp-json\/wp\/v2\/pages\/949\/revisions"}],"predecessor-version":[{"id":1269,"href":"https:\/\/catedraciber.etsisi.upm.es\/en\/wp-json\/wp\/v2\/pages\/949\/revisions\/1269"}],"wp:attachment":[{"href":"https:\/\/catedraciber.etsisi.upm.es\/en\/wp-json\/wp\/v2\/media?parent=949"}],"curies":[{"name":"wp","href":"https:\/\/api.w.org\/{rel}","templated":true}]}}