{"id":802,"date":"2025-02-21T12:33:02","date_gmt":"2025-02-21T12:33:02","guid":{"rendered":"https:\/\/catedraciber.etsisi.upm.es\/?page_id=802"},"modified":"2025-03-07T11:22:16","modified_gmt":"2025-03-07T11:22:16","slug":"meetup-2-registro","status":"publish","type":"page","link":"https:\/\/catedraciber.etsisi.upm.es\/en\/meetup-2-registro\/","title":{"rendered":"Meetup II : Cibercrimen"},"content":{"rendered":"<p><strong><em>Cibercrimen &#8211; Del Blanqueo Digital a los Secuestros de Datos<\/em><\/strong><\/p>\n\n\n\n<p class=\"has-text-align-center\"><a href=\"https:\/\/catedraciber.etsisi.upm.es\/en\/eventos\/meetup-2-main\/\" data-type=\"page\" data-id=\"796\">Home<\/a> | <strong>Registration<\/strong> | <a href=\"https:\/\/catedraciber.etsisi.upm.es\/en\/meetup-2-agenda\/\" data-type=\"page\" data-id=\"809\">Schedule<\/a> | <a href=\"https:\/\/catedraciber.etsisi.upm.es\/en\/meetup-2-ubicacion\/\" data-type=\"page\" data-id=\"806\">Location<\/a><\/p>\n\n\n\n<p><strong>Date:<\/strong> 20 de Febrero de 16:00 a 20:30<\/p>\n\n\n\n<p><strong><em>La participaci\u00f3n en las actividades de la C\u00e1tedra de Ciberseguridad INCIBE-UPM\/ETSISI est\u00e1 reconocida como Actividad Formativa Acreditable (1 cr\u00e9dito) para todos los alumnos de la UPM (C\u00f3digo 31142)<\/em><\/strong><\/p>\n\n\n\n<p class=\"has-text-align-center has-x-large-font-size\"><strong>Registration<\/strong>\u270d\ufe0f<\/p>\n\n\n\n<p>Te invitamos a unirte a nosotros para una tarde llena de presentaciones por destacados ponentes del sector, donde se discutir\u00e1n las \u00faltimas innovaciones y desaf\u00edos en el campo. No te pierdas esta oportunidad de aprender y conectar con expertos en ciberdelincuencia, cryptos y ransomware.<\/p>\n\n\n\n<p><\/p>\n\n\n\n<p class=\"has-text-align-center\"><a href=\"https:\/\/eventos.upm.es\/130296\/detail\/meetup-ii-ciberdelincuencia.html\" data-type=\"link\" data-id=\"https:\/\/eventos.upm.es\/119846\/tickets\/malware-de-la-vieja-escuela-a-las-ias-generativas.html\" target=\"_blank\" rel=\"noreferrer noopener\">\u2728 !<em style=\"font-weight: bold;\">Register here!<\/em> \u2728<\/a><\/p>\n\n\n\n<figure class=\"wp-block-image aligncenter size-large\"><img data-recalc-dims=\"1\" loading=\"lazy\" decoding=\"async\" width=\"724\" height=\"1024\" src=\"https:\/\/i0.wp.com\/catedraciber.etsisi.upm.es\/wp-content\/uploads\/2025\/03\/CartelMeetupII.jpg?resize=724%2C1024&#038;ssl=1\" alt=\"\" class=\"wp-image-896\" srcset=\"https:\/\/i0.wp.com\/catedraciber.etsisi.upm.es\/wp-content\/uploads\/2025\/03\/CartelMeetupII.jpg?resize=724%2C1024&amp;ssl=1 724w, https:\/\/i0.wp.com\/catedraciber.etsisi.upm.es\/wp-content\/uploads\/2025\/03\/CartelMeetupII.jpg?resize=212%2C300&amp;ssl=1 212w, https:\/\/i0.wp.com\/catedraciber.etsisi.upm.es\/wp-content\/uploads\/2025\/03\/CartelMeetupII.jpg?resize=768%2C1086&amp;ssl=1 768w, https:\/\/i0.wp.com\/catedraciber.etsisi.upm.es\/wp-content\/uploads\/2025\/03\/CartelMeetupII.jpg?resize=1086%2C1536&amp;ssl=1 1086w, https:\/\/i0.wp.com\/catedraciber.etsisi.upm.es\/wp-content\/uploads\/2025\/03\/CartelMeetupII.jpg?resize=1448%2C2048&amp;ssl=1 1448w, https:\/\/i0.wp.com\/catedraciber.etsisi.upm.es\/wp-content\/uploads\/2025\/03\/CartelMeetupII.jpg?resize=8%2C12&amp;ssl=1 8w, https:\/\/i0.wp.com\/catedraciber.etsisi.upm.es\/wp-content\/uploads\/2025\/03\/CartelMeetupII.jpg?w=1683&amp;ssl=1 1683w\" sizes=\"auto, (max-width: 724px) 100vw, 724px\" \/><\/figure>\n\n\n\n<p class=\"has-text-align-center\">We look forward to seeing you there!<\/p>","protected":false},"excerpt":{"rendered":"<p>Cibercrimen &#8211; Del Blanqueo Digital a los Secuestros de Datos Principal | Registro | Agenda | Ubicaci\u00f3n Fecha: 20 de Febrero de 16:00 a 20:30 La participaci\u00f3n en las actividades de la C\u00e1tedra de Ciberseguridad INCIBE-UPM\/ETSISI est\u00e1 reconocida como Actividad Formativa Acreditable (1 cr\u00e9dito) para todos los alumnos de la UPM (C\u00f3digo 31142) Registro\u270d\ufe0f Te [&hellip;]<\/p>\n","protected":false},"author":1,"featured_media":0,"parent":0,"menu_order":0,"comment_status":"closed","ping_status":"closed","template":"","meta":{"footnotes":""},"class_list":["post-802","page","type-page","status-publish","hentry"],"jetpack_sharing_enabled":true,"_links":{"self":[{"href":"https:\/\/catedraciber.etsisi.upm.es\/en\/wp-json\/wp\/v2\/pages\/802","targetHints":{"allow":["GET"]}}],"collection":[{"href":"https:\/\/catedraciber.etsisi.upm.es\/en\/wp-json\/wp\/v2\/pages"}],"about":[{"href":"https:\/\/catedraciber.etsisi.upm.es\/en\/wp-json\/wp\/v2\/types\/page"}],"author":[{"embeddable":true,"href":"https:\/\/catedraciber.etsisi.upm.es\/en\/wp-json\/wp\/v2\/users\/1"}],"replies":[{"embeddable":true,"href":"https:\/\/catedraciber.etsisi.upm.es\/en\/wp-json\/wp\/v2\/comments?post=802"}],"version-history":[{"count":11,"href":"https:\/\/catedraciber.etsisi.upm.es\/en\/wp-json\/wp\/v2\/pages\/802\/revisions"}],"predecessor-version":[{"id":897,"href":"https:\/\/catedraciber.etsisi.upm.es\/en\/wp-json\/wp\/v2\/pages\/802\/revisions\/897"}],"wp:attachment":[{"href":"https:\/\/catedraciber.etsisi.upm.es\/en\/wp-json\/wp\/v2\/media?parent=802"}],"curies":[{"name":"wp","href":"https:\/\/api.w.org\/{rel}","templated":true}]}}