{"id":796,"date":"2025-02-21T11:43:38","date_gmt":"2025-02-21T11:43:38","guid":{"rendered":"https:\/\/catedraciber.etsisi.upm.es\/?page_id=796"},"modified":"2025-03-04T10:23:44","modified_gmt":"2025-03-04T10:23:44","slug":"meetup-2-main","status":"publish","type":"page","link":"https:\/\/catedraciber.etsisi.upm.es\/en\/eventos\/meetup-2-main\/","title":{"rendered":"Meetup II : Cibercrimen"},"content":{"rendered":"<p><strong><em>Cibercrimen &#8211; Del Blanqueo Digital a los Secuestros de Datos<\/em><\/strong><\/p>\n\n\n\n<p class=\"has-text-align-center\"><strong>Home <\/strong>| <a href=\"https:\/\/catedraciber.etsisi.upm.es\/en\/meetup-2-registro\/\" data-type=\"page\" data-id=\"802\">Registration<\/a> | <a href=\"https:\/\/catedraciber.etsisi.upm.es\/en\/meetup-2-agenda\/\" data-type=\"page\" data-id=\"809\">Schedule<\/a> | <a href=\"https:\/\/catedraciber.etsisi.upm.es\/en\/meetup-2-ubicacion\/\" data-type=\"page\" data-id=\"806\">Location<\/a><\/p>\n\n\n<p>La C\u00e1tedra de Ciberseguridad de ETSISI, en colaboraci\u00f3n con el INCIBE, acoger\u00e1 la pr\u00f3xima edici\u00f3n del Meetup de Ciberseguridad:<\/p>\n<p><strong>Cibercrimen &#8211; Del Blanqueo Digital a los Secuestros de Datos<\/strong><\/p>\n<p>Si te apasiona la <strong>ciberseguridad<\/strong>, las <strong>criptomonedas<\/strong>, y su relaci\u00f3n con el mundo del crimen, no te puedes perder esta charla en la que exploraremos c\u00f3mo estas tecnolog\u00edas est\u00e1n transformando el mundo del crimen y el <strong>ransomware<\/strong>.<\/p>\n<p class=\"has-text-align-center\">\u00a1Acomp\u00e1\u00f1anos el 20 de Marzo para descubrirlo!<\/p>\n<p><strong>Date:<\/strong> 20 de Marzo de 16:00 a 20:30<\/p>\n<p><span data-teams=\"true\"> <strong><em>La participaci\u00f3n en las actividades de la C\u00e1tedra de Ciberseguridad INCIBE-UPM\/ETSISI est\u00e1 reconocida como Actividad Formativa Acreditable (1 cr\u00e9dito) para todos los alumnos de la UPM (C\u00f3digo 31142)<\/em><\/strong><\/span><\/p>\n\n\n<p class=\"has-text-align-center has-x-large-font-size\" style=\"padding-top:var(--wp--preset--spacing--40);padding-bottom:var(--wp--preset--spacing--40)\"><strong>Speakers<\/strong> \ud83e\uddd1\u200d\ud83c\udfeb<\/p>\n\n\n\n<div class=\"wp-block-media-text is-stacked-on-mobile is-vertically-aligned-top\" style=\"margin-top:var(--wp--preset--spacing--20);margin-right:0;margin-bottom:var(--wp--preset--spacing--20);margin-left:0;padding-top:0;padding-right:0;padding-bottom:0;padding-left:0;grid-template-columns:30% auto\"><figure class=\"wp-block-media-text__media\"><img data-recalc-dims=\"1\" loading=\"lazy\" decoding=\"async\" width=\"528\" height=\"704\" src=\"https:\/\/i0.wp.com\/catedraciber.etsisi.upm.es\/wp-content\/uploads\/2025\/03\/Photo-Lydia-Atienza.png?resize=528%2C704&#038;ssl=1\" alt=\"\" class=\"wp-image-882 size-full\" srcset=\"https:\/\/i0.wp.com\/catedraciber.etsisi.upm.es\/wp-content\/uploads\/2025\/03\/Photo-Lydia-Atienza.png?w=528&amp;ssl=1 528w, https:\/\/i0.wp.com\/catedraciber.etsisi.upm.es\/wp-content\/uploads\/2025\/03\/Photo-Lydia-Atienza.png?resize=225%2C300&amp;ssl=1 225w, https:\/\/i0.wp.com\/catedraciber.etsisi.upm.es\/wp-content\/uploads\/2025\/03\/Photo-Lydia-Atienza.png?resize=9%2C12&amp;ssl=1 9w\" sizes=\"auto, (max-width: 528px) 100vw, 528px\" \/><\/figure><div class=\"wp-block-media-text__content\">\n<p class=\"has-text-align-right has-large-font-size\" style=\"margin-top:0;margin-right:0;margin-bottom:0;margin-left:0\">Lydia Atienza Castell &#8211; Outpost24<\/p>\n\n\n\n<p style=\"margin-top:0;margin-right:0;margin-bottom:0;margin-left:0\">Lydia Atienza es analista de inteligencia de amenazas en el equipo KrakenLabs de Outpost24. En su d\u00eda a d\u00eda se centra en investigar actores amenaza e identificar tendencias existentes y emergentes en el ecosistema de las ciberamenazas para realizar an\u00e1lisis contextualizados destinados a ayudar en el proceso de toma de decisiones.<\/p>\n\n\n\n<p>Licenciada en Psicolog\u00eda y Criminolog\u00eda, dirigi\u00f3 su formaci\u00f3n al \u00e1mbito del an\u00e1lisis de inteligencia para, finalmente, centrarse en la ciberinteligencia. Se ha certificado del CTIA. Inici\u00f3 su carrera profesional en una empresa de seguridad y se desarroll\u00f3 en el \u00e1rea de ciberseguridad de una empresa de telecomunicaciones espa\u00f1ola. Durante m\u00e1s de ocho a\u00f1os ha adquirido experiencia y conocimientos asesorando posiciones estrat\u00e9gicas en empresas privadas y p\u00fablicas. Asimismo, y tan relevante como lo anterior, tambi\u00e9n le gusta reconocer los conocimientos adquiridos de aquellos con quienes ha trabajado estrechamente a lo largo de estos a\u00f1os, involucrados no solo a nivel estrat\u00e9gico sino tambi\u00e9n en tareas t\u00e1cticas y t\u00e9cnicas.<\/p>\n<\/div><\/div>\n\n\n\n<div class=\"wp-block-media-text is-stacked-on-mobile is-vertically-aligned-top\" style=\"margin-top:var(--wp--preset--spacing--20);margin-right:0;margin-bottom:var(--wp--preset--spacing--20);margin-left:0;padding-top:0;padding-right:0;padding-bottom:0;padding-left:0;grid-template-columns:30% auto\"><figure class=\"wp-block-media-text__media\"><img data-recalc-dims=\"1\" loading=\"lazy\" decoding=\"async\" width=\"768\" height=\"1024\" src=\"https:\/\/i0.wp.com\/catedraciber.etsisi.upm.es\/wp-content\/uploads\/2025\/03\/4V9A32092-topaz-sharpen.jpg?resize=768%2C1024&#038;ssl=1\" alt=\"\" class=\"wp-image-883 size-full\" srcset=\"https:\/\/i0.wp.com\/catedraciber.etsisi.upm.es\/wp-content\/uploads\/2025\/03\/4V9A32092-topaz-sharpen-scaled.jpg?resize=768%2C1024&amp;ssl=1 768w, https:\/\/i0.wp.com\/catedraciber.etsisi.upm.es\/wp-content\/uploads\/2025\/03\/4V9A32092-topaz-sharpen-scaled.jpg?resize=225%2C300&amp;ssl=1 225w, https:\/\/i0.wp.com\/catedraciber.etsisi.upm.es\/wp-content\/uploads\/2025\/03\/4V9A32092-topaz-sharpen-scaled.jpg?resize=1152%2C1536&amp;ssl=1 1152w, https:\/\/i0.wp.com\/catedraciber.etsisi.upm.es\/wp-content\/uploads\/2025\/03\/4V9A32092-topaz-sharpen-scaled.jpg?resize=1536%2C2048&amp;ssl=1 1536w, https:\/\/i0.wp.com\/catedraciber.etsisi.upm.es\/wp-content\/uploads\/2025\/03\/4V9A32092-topaz-sharpen-scaled.jpg?resize=9%2C12&amp;ssl=1 9w, https:\/\/i0.wp.com\/catedraciber.etsisi.upm.es\/wp-content\/uploads\/2025\/03\/4V9A32092-topaz-sharpen-scaled.jpg?w=1920&amp;ssl=1 1920w\" sizes=\"auto, (max-width: 768px) 100vw, 768px\" \/><\/figure><div class=\"wp-block-media-text__content\">\n<p class=\"has-text-align-right has-large-font-size\" style=\"margin-top:0;margin-right:0;margin-bottom:0;margin-left:0\">Sheila Queralt &#8211; Ling\u00fcista Forense<\/p>\n\n\n\n<p style=\"margin-top:0;margin-right:0;margin-bottom:0;margin-left:0\">Sheila Queralt es doctora en ciencias del lenguaje y ejerce como perito judicial en ling\u00fc\u00edstica forense. Es directora del Laboratorio SQ-Ling\u00fcistas Forenses, docente en distintas universidades. Es especialista en an\u00e1lisis de an\u00f3nimos y colabora como experta ling\u00fcista con diferentes cuerpos policiales nacionales e internacionales en caso de corrupci\u00f3n, estafas, ciberseguridad, narcotr\u00e1fico, homicidios y terrorismo. Es autora de varios libros entre los que destacan <em>Atrapados por la lengua<\/em>, del <em>Dec\u00e1logo para solicitar una pericial ling\u00fc\u00edstica<\/em> and <em>Estafas amorosas<\/em> y tambi\u00e9n es coautora de la gu\u00eda <em>Soy ling\u00fcista, ling\u00fcista forense<\/em> y del manual <em>Fundamentos de Ling\u00fc\u00edstica Forense<\/em>.<\/p>\n<\/div><\/div>\n\n\n\n<div class=\"wp-block-media-text is-stacked-on-mobile is-vertically-aligned-top\" style=\"margin-top:var(--wp--preset--spacing--20);margin-right:0;margin-bottom:var(--wp--preset--spacing--20);margin-left:0;padding-top:0;padding-right:0;padding-bottom:0;padding-left:0;grid-template-columns:30% auto\"><figure class=\"wp-block-media-text__media\"><img data-recalc-dims=\"1\" loading=\"lazy\" decoding=\"async\" width=\"308\" height=\"410\" src=\"https:\/\/i0.wp.com\/catedraciber.etsisi.upm.es\/wp-content\/uploads\/2025\/03\/javier-izquierdo.jpg?resize=308%2C410&#038;ssl=1\" alt=\"\" class=\"wp-image-884 size-full\" srcset=\"https:\/\/i0.wp.com\/catedraciber.etsisi.upm.es\/wp-content\/uploads\/2025\/03\/javier-izquierdo.jpg?w=308&amp;ssl=1 308w, https:\/\/i0.wp.com\/catedraciber.etsisi.upm.es\/wp-content\/uploads\/2025\/03\/javier-izquierdo.jpg?resize=225%2C300&amp;ssl=1 225w, https:\/\/i0.wp.com\/catedraciber.etsisi.upm.es\/wp-content\/uploads\/2025\/03\/javier-izquierdo.jpg?resize=9%2C12&amp;ssl=1 9w\" sizes=\"auto, (max-width: 308px) 100vw, 308px\" \/><\/figure><div class=\"wp-block-media-text__content\">\n<p class=\"has-text-align-right has-large-font-size\" style=\"margin-top:0;margin-right:0;margin-bottom:0;margin-left:0\">Inspector Javier Izquierdo Rosa &#8211; Unidad Central de Ciberdelincuencia<\/p>\n\n\n\n<p style=\"margin-top:0;margin-right:0;margin-bottom:0;margin-left:0\">Inspector Javier Izquierdo, jefe de grupo de investigaci\u00f3n de Ciberataques en la Unidad Central de Ciberdelincuencia de la Polic\u00eda Nacional. Anteriormente, Jefe de Delitos Tecnol\u00f3gicos en la Brigada Provincial de Polic\u00eda Judicial de Sevilla. Ingeniero Inform\u00e1tico por la Universidad Aut\u00f3noma de Madrid, y M\u00e1ster en Ciencias Policiales por la Universidad de Salamanca.<\/p>\n<\/div><\/div>\n\n\n\n<div class=\"wp-block-media-text is-stacked-on-mobile is-vertically-aligned-top\" style=\"margin-top:var(--wp--preset--spacing--20);margin-right:0;margin-bottom:var(--wp--preset--spacing--20);margin-left:0;padding-top:0;padding-right:0;padding-bottom:0;padding-left:0;grid-template-columns:30% auto\"><figure class=\"wp-block-media-text__media\"><img data-recalc-dims=\"1\" loading=\"lazy\" decoding=\"async\" width=\"306\" height=\"408\" src=\"https:\/\/i0.wp.com\/catedraciber.etsisi.upm.es\/wp-content\/uploads\/2025\/03\/virginia-1.png?resize=306%2C408&#038;ssl=1\" alt=\"\" class=\"wp-image-885 size-full\" srcset=\"https:\/\/i0.wp.com\/catedraciber.etsisi.upm.es\/wp-content\/uploads\/2025\/03\/virginia-1.png?w=306&amp;ssl=1 306w, https:\/\/i0.wp.com\/catedraciber.etsisi.upm.es\/wp-content\/uploads\/2025\/03\/virginia-1.png?resize=225%2C300&amp;ssl=1 225w, https:\/\/i0.wp.com\/catedraciber.etsisi.upm.es\/wp-content\/uploads\/2025\/03\/virginia-1.png?resize=9%2C12&amp;ssl=1 9w\" sizes=\"auto, (max-width: 306px) 100vw, 306px\" \/><\/figure><div class=\"wp-block-media-text__content\">\n<p class=\"has-text-align-right has-large-font-size\" style=\"margin-top:0;margin-right:0;margin-bottom:0;margin-left:0\">Inspectora Virginia Garc\u00eda Manrique &#8211; Unidad Central de Ciberdelincuencia<\/p>\n\n\n\n<p style=\"margin-top:0;margin-right:0;margin-bottom:0;margin-left:0\">Inspectora Virginia Garc\u00eda Manrique. Miembro de la Polic\u00eda Nacional desde el a\u00f1o 2009. Desde 2014 Inspectora Jefa de Grupo de Investigaci\u00f3n de Redes Sociales y Fuentes Abiertas en la Unidad Central de Ciberdelincuencia en la que tiene m\u00e1s de 10 a\u00f1os de experiencia. Licenciada en Periodismo por la Universidad de Salamanca y M\u00e1ster en Ciberseguridad por la Universidad Antonio de Nebrija.<\/p>\n<\/div><\/div>","protected":false},"excerpt":{"rendered":"<p>Cibercrimen &#8211; Del Blanqueo Digital a los Secuestros de Datos Principal | Registro | Agenda | Ubicaci\u00f3n La C\u00e1tedra de Ciberseguridad de ETSISI, en colaboraci\u00f3n con el INCIBE, acoger\u00e1 la pr\u00f3xima edici\u00f3n del Meetup de Ciberseguridad: Cibercrimen &#8211; Del Blanqueo Digital a los Secuestros de Datos Si te apasiona la ciberseguridad, las criptomonedas, y su [&hellip;]<\/p>\n","protected":false},"author":1,"featured_media":0,"parent":72,"menu_order":0,"comment_status":"closed","ping_status":"closed","template":"","meta":{"footnotes":""},"class_list":["post-796","page","type-page","status-publish","hentry"],"jetpack_sharing_enabled":true,"_links":{"self":[{"href":"https:\/\/catedraciber.etsisi.upm.es\/en\/wp-json\/wp\/v2\/pages\/796","targetHints":{"allow":["GET"]}}],"collection":[{"href":"https:\/\/catedraciber.etsisi.upm.es\/en\/wp-json\/wp\/v2\/pages"}],"about":[{"href":"https:\/\/catedraciber.etsisi.upm.es\/en\/wp-json\/wp\/v2\/types\/page"}],"author":[{"embeddable":true,"href":"https:\/\/catedraciber.etsisi.upm.es\/en\/wp-json\/wp\/v2\/users\/1"}],"replies":[{"embeddable":true,"href":"https:\/\/catedraciber.etsisi.upm.es\/en\/wp-json\/wp\/v2\/comments?post=796"}],"version-history":[{"count":25,"href":"https:\/\/catedraciber.etsisi.upm.es\/en\/wp-json\/wp\/v2\/pages\/796\/revisions"}],"predecessor-version":[{"id":889,"href":"https:\/\/catedraciber.etsisi.upm.es\/en\/wp-json\/wp\/v2\/pages\/796\/revisions\/889"}],"up":[{"embeddable":true,"href":"https:\/\/catedraciber.etsisi.upm.es\/en\/wp-json\/wp\/v2\/pages\/72"}],"wp:attachment":[{"href":"https:\/\/catedraciber.etsisi.upm.es\/en\/wp-json\/wp\/v2\/media?parent=796"}],"curies":[{"name":"wp","href":"https:\/\/api.w.org\/{rel}","templated":true}]}}