{"id":222,"date":"2024-06-20T21:04:26","date_gmt":"2024-06-20T21:04:26","guid":{"rendered":"https:\/\/catedraciber.etsisi.upm.es\/?page_id=222"},"modified":"2025-05-23T09:10:52","modified_gmt":"2025-05-23T09:10:52","slug":"old-escuela-de-doctorado-registro","status":"publish","type":"page","link":"https:\/\/catedraciber.etsisi.upm.es\/en\/old-escuela-de-doctorado-registro\/","title":{"rendered":"Cybersecurity Postgraduate Summer School"},"content":{"rendered":"<div class=\"wp-block-columns is-layout-flex wp-container-core-columns-is-layout-28f84493 wp-block-columns-is-layout-flex\">\n<div class=\"wp-block-column is-layout-flow wp-block-column-is-layout-flow\">\n<h5 class=\"wp-block-heading\"><a href=\"https:\/\/catedraciber.etsisi.upm.es\/en\/old-escuela-de-doctorado-main\/\" data-type=\"page\" data-id=\"156\">Home<\/a><\/h5>\n<\/div>\n\n\n\n<div class=\"wp-block-column is-layout-flow wp-block-column-is-layout-flow\">\n<h5 class=\"wp-block-heading\"><a href=\"https:\/\/catedraciber.etsisi.upm.es\/en\/old-escuela-de-doctorado-charlas\/\" data-type=\"page\" data-id=\"209\">Speakers<\/a><\/h5>\n<\/div>\n\n\n\n<div class=\"wp-block-column is-layout-flow wp-container-core-column-is-layout-fd134cff wp-block-column-is-layout-flow\" style=\"padding-right:0;padding-left:0\">\n<h5 class=\"wp-block-heading\"><a href=\"https:\/\/catedraciber.etsisi.upm.es\/en\/old-escuela-de-doctorado-horario\/\" data-type=\"page\" data-id=\"204\">Schedule<\/a><\/h5>\n<\/div>\n\n\n\n<div class=\"wp-block-column is-layout-flow wp-block-column-is-layout-flow\">\n<h5 class=\"wp-block-heading\"><a href=\"https:\/\/catedraciber.etsisi.upm.es\/en\/old-escuela-de-doctorado-actividades\/\" data-type=\"page\" data-id=\"325\">Activities<\/a><\/h5>\n<\/div>\n\n\n\n<div class=\"wp-block-column is-layout-flow wp-block-column-is-layout-flow\">\n<h5 class=\"wp-block-heading\"><a href=\"https:\/\/catedraciber.etsisi.upm.es\/en\/old-escuela-de-doctorado-residencia\/\" data-type=\"page\" data-id=\"218\">Accommodation<\/a><\/h5>\n<\/div>\n\n\n\n<div class=\"wp-block-column is-layout-flow wp-block-column-is-layout-flow\">\n<h4 class=\"wp-block-heading\"><strong>Registration<\/strong><\/h4>\n<\/div>\n\n\n\n<div class=\"wp-block-column is-layout-flow wp-block-column-is-layout-flow\">\n<h5 class=\"wp-block-heading\"><a href=\"https:\/\/catedraciber.etsisi.upm.es\/en\/old-escuela-de-doctorado-llegar\/\" data-type=\"page\" data-id=\"428\">How to get there<\/a><\/h5>\n<\/div>\n<\/div>\n\n\n\n<hr class=\"wp-block-separator has-alpha-channel-opacity\" style=\"margin-top:var(--wp--preset--spacing--40);margin-bottom:var(--wp--preset--spacing--40)\"\/>\n\n\n\n<h3 class=\"wp-block-heading has-text-align-center\">Full-event registration is now closed. Day registration still available<\/h3>\n\n\n\n<p>On this page, you will find all the necessary information and details to complete your registration for the summer school. The registration fee for the summer school is 725\u20ac in early registration (890\u20ac afterwards) and covers the following:<\/p>\n\n\n\n<ul class=\"wp-block-list\">\n<li>Accommodation (nights from September 1st to Saturday, September 8th).<\/li>\n\n\n\n<li>Meals (breakfast, lunch, and dinner)<\/li>\n\n\n\n<li>Additional activities and visits (Segovia, Museums of Madrid and others to be announced)<\/li>\n\n\n\n<li>Lectures, research, and academic activities.<\/li>\n<\/ul>\n\n\n\n<p>The transfer from Madrid-Barajas Airport to the Summer School is not included. However, instructions will be provided for reaching Cercedilla station via public transportation, where a shuttle service to the residence will be available. Registration for the summer school is completed in two steps. First, you need to fill out the following <a href=\"https:\/\/eventos.upm.es\/119698\/detail\/escuela-de-postgrado-en-ciberseguridad.html\" target=\"_blank\" rel=\"noreferrer noopener\">registration form<\/a>. Once we review your application, we will contact you to complete the registration and payment. If you have any questions about the process, feel free to contact us via email at <a href=\"mailto:catedra.ciberseguridad.etsisi@upm.es\" target=\"_blank\" rel=\"noreferrer noopener\">If you have any questions you can email us at cater.ciberseguridad.etsisi@upm.es<\/a>. If you are a non-European Union citizen and do not have a Schengen visa, you should check at this <a href=\"https:\/\/www.exteriores.gob.es\/Embajadas\/seul\/ko\/ServiciosConsulares\/Paginas\/Consular\/Condiciones-de-entrada-en-Espana.aspx\">page<\/a> the requirements to attend the Summer School.<\/p>\n\n\n\n<p>If you are unable to attend for the entire week and wish to come on specific days, you can contact us at the email address provided above.<\/p>\n\n\n\n<p class=\"has-text-align-center\"><strong>Deadline for early registration is 25th July 2024<\/strong><\/p>\n\n\n\n<p class=\"has-text-align-center\"><strong><a href=\"https:\/\/eventos.upm.es\/119698\/detail\/escuela-de-postgrado-en-ciberseguridad.html\" target=\"_blank\" rel=\"noreferrer noopener\">Registration Form<\/a><\/strong><\/p>","protected":false},"excerpt":{"rendered":"<p>Principal Charlas Horario Actividades Residencia Registro C\u00f3mo llegar Registro para la semana cerrado. Registro para d\u00edas espec\u00edfico disponible. En esta p\u00e1gina encontrar\u00e1s toda la informaci\u00f3n necesaria y detalles para que puedas completar el registro en la escuela de verano. El coste del registro de la escuela de verano son 725\u20ac en registro temprano (890\u20ac despu\u00e9s) [&hellip;]<\/p>\n","protected":false},"author":1,"featured_media":0,"parent":0,"menu_order":0,"comment_status":"closed","ping_status":"closed","template":"","meta":{"footnotes":""},"class_list":["post-222","page","type-page","status-publish","hentry"],"jetpack_sharing_enabled":true,"_links":{"self":[{"href":"https:\/\/catedraciber.etsisi.upm.es\/en\/wp-json\/wp\/v2\/pages\/222","targetHints":{"allow":["GET"]}}],"collection":[{"href":"https:\/\/catedraciber.etsisi.upm.es\/en\/wp-json\/wp\/v2\/pages"}],"about":[{"href":"https:\/\/catedraciber.etsisi.upm.es\/en\/wp-json\/wp\/v2\/types\/page"}],"author":[{"embeddable":true,"href":"https:\/\/catedraciber.etsisi.upm.es\/en\/wp-json\/wp\/v2\/users\/1"}],"replies":[{"embeddable":true,"href":"https:\/\/catedraciber.etsisi.upm.es\/en\/wp-json\/wp\/v2\/comments?post=222"}],"version-history":[{"count":22,"href":"https:\/\/catedraciber.etsisi.upm.es\/en\/wp-json\/wp\/v2\/pages\/222\/revisions"}],"predecessor-version":[{"id":1167,"href":"https:\/\/catedraciber.etsisi.upm.es\/en\/wp-json\/wp\/v2\/pages\/222\/revisions\/1167"}],"wp:attachment":[{"href":"https:\/\/catedraciber.etsisi.upm.es\/en\/wp-json\/wp\/v2\/media?parent=222"}],"curies":[{"name":"wp","href":"https:\/\/api.w.org\/{rel}","templated":true}]}}