{"id":1426,"date":"2025-12-15T11:55:56","date_gmt":"2025-12-15T11:55:56","guid":{"rendered":"https:\/\/catedraciber.etsisi.upm.es\/?page_id=1426"},"modified":"2025-12-15T11:57:14","modified_gmt":"2025-12-15T11:57:14","slug":"librillos-para-peques","status":"publish","type":"page","link":"https:\/\/catedraciber.etsisi.upm.es\/en\/recursos\/librillos-para-peques\/","title":{"rendered":"\ud83d\udcdaLIBRILLOS PARA PEQUES"},"content":{"rendered":"<div class=\"wp-block-group alignfull has-global-padding is-layout-constrained wp-container-core-group-is-layout-d89aad35 wp-block-group-is-layout-constrained\" style=\"margin-top:0;margin-bottom:0;padding-top:var(--wp--preset--spacing--50);padding-right:var(--wp--preset--spacing--50);padding-bottom:var(--wp--preset--spacing--50);padding-left:var(--wp--preset--spacing--50)\">\n<p class=\"has-large-font-size\">A continuaci\u00f3n, ponemos a tu disposici\u00f3n una serie de librillos digitales creados para promover una ciberseguridad m\u00e1s accesible para los m\u00e1s peque\u00f1os<\/p>\n<\/div>\n\n\n\n<div class=\"wp-block-media-text is-stacked-on-mobile\"><figure class=\"wp-block-media-text__media\"><img data-recalc-dims=\"1\" loading=\"lazy\" decoding=\"async\" width=\"918\" height=\"888\" src=\"https:\/\/i0.wp.com\/catedraciber.etsisi.upm.es\/wp-content\/uploads\/2025\/12\/CRIPTOPARAPEQUES.jpg?resize=918%2C888&#038;ssl=1\" alt=\"\" class=\"wp-image-1414 size-full\" srcset=\"https:\/\/i0.wp.com\/catedraciber.etsisi.upm.es\/wp-content\/uploads\/2025\/12\/CRIPTOPARAPEQUES.jpg?w=918&amp;ssl=1 918w, https:\/\/i0.wp.com\/catedraciber.etsisi.upm.es\/wp-content\/uploads\/2025\/12\/CRIPTOPARAPEQUES.jpg?resize=300%2C290&amp;ssl=1 300w, https:\/\/i0.wp.com\/catedraciber.etsisi.upm.es\/wp-content\/uploads\/2025\/12\/CRIPTOPARAPEQUES.jpg?resize=768%2C743&amp;ssl=1 768w, https:\/\/i0.wp.com\/catedraciber.etsisi.upm.es\/wp-content\/uploads\/2025\/12\/CRIPTOPARAPEQUES.jpg?resize=12%2C12&amp;ssl=1 12w\" sizes=\"auto, (max-width: 918px) 100vw, 918px\" \/><\/figure><div class=\"wp-block-media-text__content\">\n<p class=\"has-large-font-size\"><strong>CRIPTOGRAF\u00cdA PARA PEQUES<\/strong><\/p>\n\n\n\n<p>Ense\u00f1a a los m\u00e1s peque\u00f1os conceptos b\u00e1sicos de criptograf\u00eda de una forma l\u00fadica, entretenida y amena, con ejemplos claros y un glosario de definiciones para tambi\u00e9n que los mayores aprendan a la vez que ense\u00f1an.<\/p>\n\n\n\n<div class=\"wp-block-file\"><a id=\"wp-block-file--media-cf015bb3-0649-46c2-8fbd-4edc50450a89\" href=\"https:\/\/catedraciber.etsisi.upm.es\/wp-content\/uploads\/2025\/12\/ESP-Learning-Together_Cryptography-for-Toddlers-Final.pdf\" target=\"_blank\" rel=\"noreferrer noopener\"><strong>\u00c9chale un ojo al libro<\/strong><\/a><a href=\"https:\/\/catedraciber.etsisi.upm.es\/wp-content\/uploads\/2025\/12\/ESP-Learning-Together_Cryptography-for-Toddlers-Final.pdf\" class=\"wp-block-file__button wp-element-button\" download aria-describedby=\"wp-block-file--media-cf015bb3-0649-46c2-8fbd-4edc50450a89\">Descarga tu copia<\/a><\/div>\n<\/div><\/div>\n\n\n\n<div class=\"wp-block-media-text is-stacked-on-mobile\" style=\"padding-top:var(--wp--preset--spacing--20);padding-bottom:var(--wp--preset--spacing--20)\"><figure class=\"wp-block-media-text__media\"><img data-recalc-dims=\"1\" loading=\"lazy\" decoding=\"async\" width=\"898\" height=\"896\" src=\"https:\/\/i0.wp.com\/catedraciber.etsisi.upm.es\/wp-content\/uploads\/2025\/12\/CIBERPARAPEQUES.png?resize=898%2C896&#038;ssl=1\" alt=\"\" class=\"wp-image-1417 size-full\" srcset=\"https:\/\/i0.wp.com\/catedraciber.etsisi.upm.es\/wp-content\/uploads\/2025\/12\/CIBERPARAPEQUES.png?w=898&amp;ssl=1 898w, https:\/\/i0.wp.com\/catedraciber.etsisi.upm.es\/wp-content\/uploads\/2025\/12\/CIBERPARAPEQUES.png?resize=300%2C300&amp;ssl=1 300w, https:\/\/i0.wp.com\/catedraciber.etsisi.upm.es\/wp-content\/uploads\/2025\/12\/CIBERPARAPEQUES.png?resize=150%2C150&amp;ssl=1 150w, https:\/\/i0.wp.com\/catedraciber.etsisi.upm.es\/wp-content\/uploads\/2025\/12\/CIBERPARAPEQUES.png?resize=768%2C766&amp;ssl=1 768w, https:\/\/i0.wp.com\/catedraciber.etsisi.upm.es\/wp-content\/uploads\/2025\/12\/CIBERPARAPEQUES.png?resize=12%2C12&amp;ssl=1 12w\" sizes=\"auto, (max-width: 898px) 100vw, 898px\" \/><\/figure><div class=\"wp-block-media-text__content\">\n<p class=\"has-large-font-size\" style=\"margin-top:var(--wp--preset--spacing--50);margin-right:0;margin-bottom:var(--wp--preset--spacing--50);margin-left:0\"><strong>CIBERSEGURIDAD PARA PEQUES<\/strong><\/p>\n\n\n\n<p>Ense\u00f1a a los m\u00e1s peque\u00f1os conceptos b\u00e1sicos de ciberseguridad de una forma l\u00fadica, entretenida y amena, con ejemplos claros y un glosario de definiciones para tambi\u00e9n que los mayores aprendan a la vez que ense\u00f1an.<\/p>\n\n\n\n<div class=\"wp-block-file\"><a id=\"wp-block-file--media-cf015bb3-0649-46c2-8fbd-4edc50450a89\" href=\"https:\/\/catedraciber.etsisi.upm.es\/wp-content\/uploads\/2025\/12\/ESP-Learning-Together_Cyber-Security-for-Toddlers-Final.pdf\" target=\"_blank\" rel=\"noreferrer noopener\"><strong>\u00c9chale un ojo al libro<\/strong><\/a><a href=\"https:\/\/catedraciber.etsisi.upm.es\/wp-content\/uploads\/2025\/12\/ESP-Learning-Together_Cyber-Security-for-Toddlers-Final.pdf\" class=\"wp-block-file__button wp-element-button\" download aria-describedby=\"wp-block-file--media-cf015bb3-0649-46c2-8fbd-4edc50450a89\">Descarga tu copia<\/a><\/div>\n<\/div><\/div>","protected":false},"excerpt":{"rendered":"<p>A continuaci\u00f3n, ponemos a tu disposici\u00f3n una serie de librillos digitales creados para promover una ciberseguridad m\u00e1s accesible para los m\u00e1s peque\u00f1os<\/p>","protected":false},"author":1,"featured_media":0,"parent":1411,"menu_order":0,"comment_status":"closed","ping_status":"closed","template":"","meta":{"footnotes":""},"class_list":["post-1426","page","type-page","status-publish","hentry"],"jetpack_sharing_enabled":true,"_links":{"self":[{"href":"https:\/\/catedraciber.etsisi.upm.es\/en\/wp-json\/wp\/v2\/pages\/1426","targetHints":{"allow":["GET"]}}],"collection":[{"href":"https:\/\/catedraciber.etsisi.upm.es\/en\/wp-json\/wp\/v2\/pages"}],"about":[{"href":"https:\/\/catedraciber.etsisi.upm.es\/en\/wp-json\/wp\/v2\/types\/page"}],"author":[{"embeddable":true,"href":"https:\/\/catedraciber.etsisi.upm.es\/en\/wp-json\/wp\/v2\/users\/1"}],"replies":[{"embeddable":true,"href":"https:\/\/catedraciber.etsisi.upm.es\/en\/wp-json\/wp\/v2\/comments?post=1426"}],"version-history":[{"count":2,"href":"https:\/\/catedraciber.etsisi.upm.es\/en\/wp-json\/wp\/v2\/pages\/1426\/revisions"}],"predecessor-version":[{"id":1428,"href":"https:\/\/catedraciber.etsisi.upm.es\/en\/wp-json\/wp\/v2\/pages\/1426\/revisions\/1428"}],"up":[{"embeddable":true,"href":"https:\/\/catedraciber.etsisi.upm.es\/en\/wp-json\/wp\/v2\/pages\/1411"}],"wp:attachment":[{"href":"https:\/\/catedraciber.etsisi.upm.es\/en\/wp-json\/wp\/v2\/media?parent=1426"}],"curies":[{"name":"wp","href":"https:\/\/api.w.org\/{rel}","templated":true}]}}