{"id":1377,"date":"2025-10-16T09:08:14","date_gmt":"2025-10-16T09:08:14","guid":{"rendered":"https:\/\/catedraciber.etsisi.upm.es\/?page_id=1377"},"modified":"2026-02-02T17:33:10","modified_gmt":"2026-02-02T17:33:10","slug":"encuesta-i","status":"publish","type":"page","link":"https:\/\/catedraciber.etsisi.upm.es\/en\/recursos\/encuesta-i\/","title":{"rendered":"\ud83d\udcccEncuesta nacional sobre ciberdelincuencia en Espa\u00f1a (INCIBE\u2013UPM)"},"content":{"rendered":"<p>El Instituto Nacional de Ciberseguridad (INCIBE), en colaboraci\u00f3n con la Universidad Polit\u00e9cnica de Madrid (UPM), ha presentado los resultados de la primera encuesta nacional sobre ciberdelincuencia en Espa\u00f1a en el marco de la C\u00e1tedra INCIBE\u2013UPM. El estudio revela que la ciberdelincuencia se ha convertido en una amenaza cotidiana y persistente en la vida digital de la ciudadan\u00eda. M\u00e1s de siete de cada diez personas han recibido intentos de estafa a trav\u00e9s de WhatsApp, mientras que un 65,9 % ha experimentado fraudes mediante correos electr\u00f3nicos o llamadas telef\u00f3nicas. A estos se suman intentos de fraude en plataformas de compraventa (39,7 %) y fraudes bancarios (26,1 %).<\/p>\n\n\n\n<p>Uno de los hallazgos m\u00e1s relevantes es la brecha entre la alta exposici\u00f3n a riesgos y la limitada capacidad de respuesta. Casi la mitad de la poblaci\u00f3n (47,8 %) desconoce los canales oficiales de denuncia de ciberdelitos, y el uso de medidas avanzadas de protecci\u00f3n digital sigue siendo minoritario: solo un 32,7 % utiliza redes VPN y un 36,2 % recurre a gestores de contrase\u00f1as.<\/p>\n\n\n\n<p>El informe tambi\u00e9n subraya diferencias sociodemogr\u00e1ficas. Las mujeres muestran mayor preocupaci\u00f3n por delitos de car\u00e1cter social, mientras que los adultos mayores son los m\u00e1s afectados por fraudes bancarios y suplantaci\u00f3n de identidad. Los j\u00f3venes de entre 18 y 24 a\u00f1os presentan menor incidencia en estos delitos, pero mayor exposici\u00f3n en redes sociales. Adem\u00e1s, las personas con menor nivel educativo y residentes en \u00e1reas rurales muestran mayores carencias en el uso de herramientas de ciberseguridad.<\/p>\n\n\n\n<p>En conjunto, los resultados evidencian que, aunque la poblaci\u00f3n adopta medidas b\u00e1sicas de autoprotecci\u00f3n, la falta de pr\u00e1cticas avanzadas y el desconocimiento de los recursos institucionales limitan la resiliencia frente a ataques m\u00e1s sofisticados. De ah\u00ed la necesidad de reforzar las campa\u00f1as de sensibilizaci\u00f3n y formaci\u00f3n en ciberseguridad, as\u00ed como de incrementar la visibilidad y accesibilidad de los canales de denuncia, con especial atenci\u00f3n a los colectivos m\u00e1s vulnerables.<\/p>\n\n\n\n<p>Adjuntamos a continuaci\u00f3n la nota de prensa y el informe generados tras el estudio, as\u00ed como el link a los microdatos de la encuesta.<\/p>\n\n\n\n<div data-wp-interactive=\"core\/file\" class=\"wp-block-file\"><object data-wp-bind--hidden=\"!state.hasPdfPreview\" hidden class=\"wp-block-file__embed\" data=\"https:\/\/catedraciber.etsisi.upm.es\/wp-content\/uploads\/2026\/02\/InformeEncuestaI-2.pdf\" type=\"application\/pdf\" style=\"width:100%;height:900px\" aria-label=\"Embed of Informe.\"><\/object><a id=\"wp-block-file--media-aa74c041-2b54-4db9-ae98-8cf887d12a61\" href=\"https:\/\/catedraciber.etsisi.upm.es\/wp-content\/uploads\/2026\/02\/InformeEncuestaI-2.pdf\">Informe<\/a><a href=\"https:\/\/catedraciber.etsisi.upm.es\/wp-content\/uploads\/2026\/02\/InformeEncuestaI-2.pdf\" class=\"wp-block-file__button wp-element-button\" download aria-describedby=\"wp-block-file--media-aa74c041-2b54-4db9-ae98-8cf887d12a61\">Download<\/a><\/div>\n\n\n\n<div class=\"wp-block-file\"><a id=\"wp-block-file--media-07f956ef-c9fe-48fc-a579-ddaecc04526f\" href=\"https:\/\/catedraciber.etsisi.upm.es\/wp-content\/uploads\/2026\/02\/Nota-de-prensa_Encuesta1.pdf\">Nota de Prensa<\/a><a href=\"https:\/\/catedraciber.etsisi.upm.es\/wp-content\/uploads\/2026\/02\/Nota-de-prensa_Encuesta1.pdf\" class=\"wp-block-file__button wp-element-button\" download aria-describedby=\"wp-block-file--media-07f956ef-c9fe-48fc-a579-ddaecc04526f\">Download<\/a><\/div>\n\n\n\n<div class=\"wp-block-buttons is-content-justification-left is-layout-flex wp-container-core-buttons-is-layout-fc4fd283 wp-block-buttons-is-layout-flex\">\n<div class=\"wp-block-button\"><a class=\"wp-block-button__link wp-element-button\" href=\"https:\/\/zenodo.org\/records\/17078767\">Microdatos de la Encuesta<\/a><\/div>\n<\/div>","protected":false},"excerpt":{"rendered":"<p>El Instituto Nacional de Ciberseguridad (INCIBE), en colaboraci\u00f3n con la Universidad Polit\u00e9cnica de Madrid (UPM), ha presentado los resultados de la primera encuesta nacional sobre ciberdelincuencia en Espa\u00f1a en el marco de la C\u00e1tedra INCIBE\u2013UPM. El estudio revela que la ciberdelincuencia se ha convertido en una amenaza cotidiana y persistente en la vida digital de [&hellip;]<\/p>\n","protected":false},"author":1,"featured_media":0,"parent":1411,"menu_order":0,"comment_status":"closed","ping_status":"closed","template":"","meta":{"footnotes":""},"class_list":["post-1377","page","type-page","status-publish","hentry"],"jetpack_sharing_enabled":true,"_links":{"self":[{"href":"https:\/\/catedraciber.etsisi.upm.es\/en\/wp-json\/wp\/v2\/pages\/1377","targetHints":{"allow":["GET"]}}],"collection":[{"href":"https:\/\/catedraciber.etsisi.upm.es\/en\/wp-json\/wp\/v2\/pages"}],"about":[{"href":"https:\/\/catedraciber.etsisi.upm.es\/en\/wp-json\/wp\/v2\/types\/page"}],"author":[{"embeddable":true,"href":"https:\/\/catedraciber.etsisi.upm.es\/en\/wp-json\/wp\/v2\/users\/1"}],"replies":[{"embeddable":true,"href":"https:\/\/catedraciber.etsisi.upm.es\/en\/wp-json\/wp\/v2\/comments?post=1377"}],"version-history":[{"count":7,"href":"https:\/\/catedraciber.etsisi.upm.es\/en\/wp-json\/wp\/v2\/pages\/1377\/revisions"}],"predecessor-version":[{"id":1451,"href":"https:\/\/catedraciber.etsisi.upm.es\/en\/wp-json\/wp\/v2\/pages\/1377\/revisions\/1451"}],"up":[{"embeddable":true,"href":"https:\/\/catedraciber.etsisi.upm.es\/en\/wp-json\/wp\/v2\/pages\/1411"}],"wp:attachment":[{"href":"https:\/\/catedraciber.etsisi.upm.es\/en\/wp-json\/wp\/v2\/media?parent=1377"}],"curies":[{"name":"wp","href":"https:\/\/api.w.org\/{rel}","templated":true}]}}