{"id":1280,"date":"2025-09-01T10:28:21","date_gmt":"2025-09-01T10:28:21","guid":{"rendered":"https:\/\/catedraciber.etsisi.upm.es\/?page_id=1280"},"modified":"2025-09-09T13:04:39","modified_gmt":"2025-09-09T13:04:39","slug":"meetup-iv-ubicacion","status":"publish","type":"page","link":"https:\/\/catedraciber.etsisi.upm.es\/en\/meetup-iv-ubicacion\/","title":{"rendered":"Meetup IV : Seguridad en el Mundo Cu\u00e1ntico"},"content":{"rendered":"<p><strong><em>Protegiendo el ma\u00f1ana: Seguridad en el Mundo Cu\u00e1ntico<\/em><\/strong><\/p>\n\n\n\n<p class=\"has-text-align-center\"><a href=\"https:\/\/catedraciber.etsisi.upm.es\/en\/meetup-iv-main\/\" data-type=\"page\" data-id=\"1273\">Home<\/a> | <a href=\"https:\/\/catedraciber.etsisi.upm.es\/en\/meetup-iv-registro\/\" data-type=\"page\" data-id=\"1276\">Registration<\/a> | <a href=\"https:\/\/catedraciber.etsisi.upm.es\/en\/meetup-iv-agenda\/\" data-type=\"page\" data-id=\"1278\">Schedule<\/a> | <strong>Location<\/strong><\/p>\n\n\n\n<p><strong>Date:<\/strong> 18 de Septiembre de 16:00 a 18:00<\/p>\n\n\n\n<p><span data-teams=\"true\"> <strong><em>La participaci\u00f3n en las actividades de la C\u00e1tedra de Ciberseguridad INCIBE-UPM\/ETSISI est\u00e1 reconocida como Actividad Formativa Acreditable (1 cr\u00e9dito) para todos los alumnos de la UPM (C\u00f3digo 31142)<\/em><\/strong><\/span><\/p>\n\n\n\n<p class=\"has-text-align-center has-x-large-font-size\"><strong>Location<\/strong> \ud83d\udccd<\/p>\n\n\n\n<p class=\"has-text-align-center\">The event with take place in the <strong>ETSISI Auditorium<\/strong>, in the Southern Campus of UPM.<\/p>\n\n\n\n<p class=\"has-text-align-center\">There are several ways to get there.<\/p>\n\n\n\n<p class=\"has-text-align-left\"><a href=\"https:\/\/maps.app.goo.gl\/527bfaCkWxMNXkiw8\">By car \ud83d\ude97<\/a> , with direct access from the A3 and from Calle de la Arboleda.<\/p>\n\n\n\n<p class=\"has-text-align-left\">By <a href=\"https:\/\/maps.app.goo.gl\/tpPtCkKes8ApyfMb7\">Metro \ud83d\ude87<\/a> and <a href=\"https:\/\/maps.app.goo.gl\/tzQYC5NAHW4U6ZXk7\">Renfe \ud83d\ude88<\/a>, with Sierra de Guadalupe and Vallecas stations respectively, from which you can walk to the campus or take <a href=\"https:\/\/maps.app.goo.gl\/ZifffC2DqVHDRQ5FA\">Bus Line E \ud83d\ude8f<\/a> .<\/p>\n\n\n\n<p class=\"has-text-align-left\">Any other means of <a href=\"https:\/\/maps.app.goo.gl\/2T1h1Z42ptDTHMeR8\">reaching the Campus \ud83d\udccd<\/a> suggested by your preferred map application will surely be just as valid and useful \ud83d\ude42.<\/p>\n\n\n\n<p class=\"has-text-align-center\"><em><strong><a href=\"https:\/\/www.etsisi.upm.es\/escuela\/como_llegar\">For more information on how to get there, click here \ud83d\udc48.<\/a>  <\/strong><\/em><\/p>\n\n\n\n<div class=\"wp-block-jetpack-map is-style-default\" data-map-id=\"jp-map-1\" data-map-provider=\"mapbox\" data-api-key=\"pk.eyJ1IjoiY2F0ZWRyYWNpYmVyIiwiYSI6ImNsdjI0Y3J1NDBkYmIyanA4bnVtOTBnOWcifQ.-IbfA3Aghw85ohc9ZLRNfA\" data-map-style=\"default\"><ul><li><a href=\"https:\/\/www.google.com\/maps\/search\/?api=1&amp;query=40.3897310861177,-3.62693849956527\">Nuestra Ubicaci\u00f3n<\/a><\/li><\/ul><\/div>","protected":false},"excerpt":{"rendered":"<p>Protegiendo el ma\u00f1ana: Seguridad en el Mundo Cu\u00e1ntico Principal | Registro | Agenda | Ubicaci\u00f3n Fecha: 18 de Septiembre de 16:00 a 18:00 La participaci\u00f3n en las actividades de la C\u00e1tedra de Ciberseguridad INCIBE-UPM\/ETSISI est\u00e1 reconocida como Actividad Formativa Acreditable (1 cr\u00e9dito) para todos los alumnos de la UPM (C\u00f3digo 31142) Ubicaci\u00f3n \ud83d\udccd El evento [&hellip;]<\/p>\n","protected":false},"author":1,"featured_media":0,"parent":0,"menu_order":0,"comment_status":"closed","ping_status":"closed","template":"","meta":{"footnotes":""},"class_list":["post-1280","page","type-page","status-publish","hentry"],"jetpack_sharing_enabled":true,"_links":{"self":[{"href":"https:\/\/catedraciber.etsisi.upm.es\/en\/wp-json\/wp\/v2\/pages\/1280","targetHints":{"allow":["GET"]}}],"collection":[{"href":"https:\/\/catedraciber.etsisi.upm.es\/en\/wp-json\/wp\/v2\/pages"}],"about":[{"href":"https:\/\/catedraciber.etsisi.upm.es\/en\/wp-json\/wp\/v2\/types\/page"}],"author":[{"embeddable":true,"href":"https:\/\/catedraciber.etsisi.upm.es\/en\/wp-json\/wp\/v2\/users\/1"}],"replies":[{"embeddable":true,"href":"https:\/\/catedraciber.etsisi.upm.es\/en\/wp-json\/wp\/v2\/comments?post=1280"}],"version-history":[{"count":7,"href":"https:\/\/catedraciber.etsisi.upm.es\/en\/wp-json\/wp\/v2\/pages\/1280\/revisions"}],"predecessor-version":[{"id":1335,"href":"https:\/\/catedraciber.etsisi.upm.es\/en\/wp-json\/wp\/v2\/pages\/1280\/revisions\/1335"}],"wp:attachment":[{"href":"https:\/\/catedraciber.etsisi.upm.es\/en\/wp-json\/wp\/v2\/media?parent=1280"}],"curies":[{"name":"wp","href":"https:\/\/api.w.org\/{rel}","templated":true}]}}