{"id":1278,"date":"2025-09-01T10:27:29","date_gmt":"2025-09-01T10:27:29","guid":{"rendered":"https:\/\/catedraciber.etsisi.upm.es\/?page_id=1278"},"modified":"2025-09-10T09:16:19","modified_gmt":"2025-09-10T09:16:19","slug":"meetup-iv-agenda","status":"publish","type":"page","link":"https:\/\/catedraciber.etsisi.upm.es\/en\/meetup-iv-agenda\/","title":{"rendered":"Meetup IV : Seguridad en el Mundo Cu\u00e1ntico"},"content":{"rendered":"<p><strong><em>Protegiendo el ma\u00f1ana: Seguridad en el Mundo Cu\u00e1ntico<\/em><\/strong><\/p>\n\n\n\n<p class=\"has-text-align-center\"><a href=\"https:\/\/catedraciber.etsisi.upm.es\/en\/meetup-iv-main\/\" data-type=\"page\" data-id=\"1273\">Home<\/a> | <a href=\"https:\/\/catedraciber.etsisi.upm.es\/en\/meetup-iv-registro\/\" data-type=\"page\" data-id=\"1276\">Registration<\/a> | <strong>Schedule <\/strong>| <a href=\"https:\/\/catedraciber.etsisi.upm.es\/en\/meetup-iv-ubicacion\/\" data-type=\"page\" data-id=\"1280\">Location<\/a><\/p>\n\n\n\n<p><strong>Date:<\/strong> 18 de Septiembre de 16:00 a 18:00<\/p>\n\n\n\n<p><strong><em>La participaci\u00f3n en las actividades de la C\u00e1tedra de Ciberseguridad INCIBE-UPM\/ETSISI est\u00e1 reconocida como Actividad Formativa Acreditable (1 cr\u00e9dito) para todos los alumnos de la UPM (C\u00f3digo 31142)<\/em><\/strong><\/p>\n\n\n\n<p class=\"has-text-align-center has-x-large-font-size\" style=\"padding-top:var(--wp--preset--spacing--40);padding-bottom:var(--wp--preset--spacing--40)\"><strong>Schedule<\/strong> \ud83d\udcc6<\/p>\n\n\n\n<p><strong>15:<\/strong>3<strong>0 Apertura, registro y presentaci\u00f3n<\/strong><\/p>\n\n\n\n<p><strong>16:00 Charla 1 \u2013 Cryptography in a Quantum World?<\/strong><br>Harry Buhrman<\/p>\n\n\n\n<p><em>En Ingl\u00e9s.<\/em><\/p>\n\n\n\n<p><em>Esta charla presenta los \u00faltimos avances en tecnolog\u00edas de computaci\u00f3n cu\u00e1ntica y su impacto en la seguridad de nuestras transacciones cotidianas. El ponente ha sido testigo de primera mano de la transici\u00f3n de este nuevo y apasionante campo del \u00e1mbito acad\u00e9mico al industrial.<\/em><\/p>\n\n\n\n<p><\/p>\n\n\n\n<p><strong>16:30 Charla 2 \u2013 La liebre y la tortuga: criptograf\u00eda postcu\u00e1ntica<\/strong><br>Maria Isabel Gonzalez Vasco<\/p>\n\n\n\n<p><em>La computaci\u00f3n cu\u00e1ntica plantea una amenaza para la criptograf\u00eda actual, pero tambi\u00e9n una oportunidad para innovar. Investigar distintas \u00e1reas de las matem\u00e1ticas a la caza de problemas que esquiven la potencia de la computaci\u00f3n cu\u00e1ntica es un reto fascinante que empuja a la comunidad cient\u00edfica tanto a explorar nuevos territorios &#8212; buenos ejemplos son la criptograf\u00eda basada en isogenias o las construcciones basadas en computaci\u00f3n multiparte &#8212; como a revisitar criptograf\u00eda &#8220;vintage&#8221; \ud83d\ude42 , trayendo de nuevo al escenario construcciones basadas en teor\u00eda de c\u00f3digos o \u00e1lgebra multivariable.<\/em><\/p>\n\n\n\n<p><\/p>\n\n\n\n<p><strong>17:00 Charla 3 \u2013 La tortuga en acci\u00f3n: postcu\u00e1ntica en las empresas<\/strong><br>Tamara Finogina<\/p>\n\n\n\n<p><em>Aunque la amenaza cu\u00e1ntica todav\u00eda no es inminente, es importante comenzar ya la transici\u00f3n hacia la criptograf\u00eda post-cu\u00e1ntica. El principal riesgo son los ataques&nbsp;\u201ccosecha ahora, descifra despu\u00e9s\u201d, en los que se recopilan datos cifrados hoy con la esperanza de descifrarlos en el futuro. Y aunque algunos secretos perder\u00e1n valor con el tiempo, muchos seguir\u00e1n siendo sensibles durante a\u00f1os. Por esta raz\u00f3n, la industria ya ha iniciado la migraci\u00f3n, y me gustar\u00eda explicar brevemente c\u00f3mo lo estamos llevando a cabo en Internxt.<\/em><\/p>\n\n\n\n<p><\/p>\n\n\n\n<p><strong>17:30 Charla 4 \u2013<\/strong> <strong>Una liebre amigable: privacidad en IA con m\u00e9todos cu\u00e1nticos<\/strong><br>Senaida Hern\u00e1ndez Santana<\/p>\n\n\n\n<p><em>La inteligencia artificial ha revolucionado el mundo, desde la atenci\u00f3n m\u00e9dica, donde ha mejorado el diagn\u00f3stico, hasta la educaci\u00f3n, donde permite experiencias de aprendizaje personalizadas para cada estudiante. \u00bfPero sab\u00edas que puede poner en riesgo tus datos? En esta charla describiremos el por qu\u00e9 y c\u00f3mo podemos blindar la IA con m\u00e9todos de la f\u00edsica cu\u00e1ntica, las redes de tensores.<\/em><\/p>\n\n\n\n<p><strong>18:00 Networking<\/strong><\/p>","protected":false},"excerpt":{"rendered":"<p>Protegiendo el ma\u00f1ana: Seguridad en el Mundo Cu\u00e1ntico Principal | Registro | Agenda | Ubicaci\u00f3n Fecha: 18 de Septiembre de 16:00 a 18:00 La participaci\u00f3n en las actividades de la C\u00e1tedra de Ciberseguridad INCIBE-UPM\/ETSISI est\u00e1 reconocida como Actividad Formativa Acreditable (1 cr\u00e9dito) para todos los alumnos de la UPM (C\u00f3digo 31142) Agenda \ud83d\udcc6 15:30 Apertura, [&hellip;]<\/p>\n","protected":false},"author":1,"featured_media":0,"parent":0,"menu_order":0,"comment_status":"closed","ping_status":"closed","template":"","meta":{"footnotes":""},"class_list":["post-1278","page","type-page","status-publish","hentry"],"jetpack_sharing_enabled":true,"_links":{"self":[{"href":"https:\/\/catedraciber.etsisi.upm.es\/en\/wp-json\/wp\/v2\/pages\/1278","targetHints":{"allow":["GET"]}}],"collection":[{"href":"https:\/\/catedraciber.etsisi.upm.es\/en\/wp-json\/wp\/v2\/pages"}],"about":[{"href":"https:\/\/catedraciber.etsisi.upm.es\/en\/wp-json\/wp\/v2\/types\/page"}],"author":[{"embeddable":true,"href":"https:\/\/catedraciber.etsisi.upm.es\/en\/wp-json\/wp\/v2\/users\/1"}],"replies":[{"embeddable":true,"href":"https:\/\/catedraciber.etsisi.upm.es\/en\/wp-json\/wp\/v2\/comments?post=1278"}],"version-history":[{"count":10,"href":"https:\/\/catedraciber.etsisi.upm.es\/en\/wp-json\/wp\/v2\/pages\/1278\/revisions"}],"predecessor-version":[{"id":1334,"href":"https:\/\/catedraciber.etsisi.upm.es\/en\/wp-json\/wp\/v2\/pages\/1278\/revisions\/1334"}],"wp:attachment":[{"href":"https:\/\/catedraciber.etsisi.upm.es\/en\/wp-json\/wp\/v2\/media?parent=1278"}],"curies":[{"name":"wp","href":"https:\/\/api.w.org\/{rel}","templated":true}]}}