{"id":1276,"date":"2025-09-01T10:26:29","date_gmt":"2025-09-01T10:26:29","guid":{"rendered":"https:\/\/catedraciber.etsisi.upm.es\/?page_id=1276"},"modified":"2025-09-09T13:01:40","modified_gmt":"2025-09-09T13:01:40","slug":"meetup-iv-registro","status":"publish","type":"page","link":"https:\/\/catedraciber.etsisi.upm.es\/en\/meetup-iv-registro\/","title":{"rendered":"Meetup IV : Seguridad en el Mundo Cu\u00e1ntico"},"content":{"rendered":"<p><strong><em>Protegiendo el ma\u00f1ana: Seguridad en el Mundo Cu\u00e1ntico<\/em><\/strong><\/p>\n\n\n\n<p class=\"has-text-align-center\"><a href=\"https:\/\/catedraciber.etsisi.upm.es\/en\/meetup-iv-main\/\" data-type=\"page\" data-id=\"1273\">Home<\/a> | <strong>Registration<\/strong> | <a href=\"https:\/\/catedraciber.etsisi.upm.es\/en\/meetup-iv-agenda\/\" data-type=\"page\" data-id=\"1278\">Schedule<\/a> | <a href=\"https:\/\/catedraciber.etsisi.upm.es\/en\/meetup-iv-ubicacion\/\" data-type=\"page\" data-id=\"1280\">Location<\/a><\/p>\n\n\n\n<p><strong>Date:<\/strong> 18 de Septiembre de 16:00 a 18:00<\/p>\n\n\n\n<p><strong><em>La participaci\u00f3n en las actividades de la C\u00e1tedra de Ciberseguridad INCIBE-UPM\/ETSISI est\u00e1 reconocida como Actividad Formativa Acreditable (1 cr\u00e9dito) para todos los alumnos de la UPM (C\u00f3digo 31142)<\/em><\/strong><\/p>\n\n\n\n<p class=\"has-text-align-center has-x-large-font-size\"><strong>Registration<\/strong>\u270d\ufe0f<\/p>\n\n\n\n<p>Te invitamos a unirte a nosotros para una tarde llena de presentaciones por destacados ponentes del sector, donde se discutir\u00e1n las \u00faltimas innovaciones y desaf\u00edos en el campo. No te pierdas esta oportunidad de aprender y conectar con expertos en computaci\u00f3n cu\u00e1ntica, ciberseguridad e IA.<\/p>\n\n\n\n<p><\/p>\n\n\n\n<p class=\"has-text-align-center\"><a href=\"https:\/\/eventos.upm.es\/138292\/detail\/meetup-iv-protegiendo-el-manana-seguridad-en-el-mundo-cuantico.html\" data-type=\"link\" data-id=\"https:\/\/eventos.upm.es\/138292\/detail\/meetup-iv-protegiendo-el-manana-seguridad-en-el-mundo-cuantico.html\" target=\"_blank\" rel=\"noreferrer noopener\">\u2728 !<em style=\"font-weight: bold;\">Register here!<\/em> \u2728<\/a><\/p>\n\n\n\n<figure class=\"wp-block-image aligncenter size-large\"><img data-recalc-dims=\"1\" loading=\"lazy\" decoding=\"async\" width=\"724\" height=\"1024\" src=\"https:\/\/i0.wp.com\/catedraciber.etsisi.upm.es\/wp-content\/uploads\/2025\/09\/Copia-de-Kit-Difusion_Poster_CATEDRAS-CIBER.jpg?resize=724%2C1024&#038;ssl=1\" alt=\"\" class=\"wp-image-1317\" srcset=\"https:\/\/i0.wp.com\/catedraciber.etsisi.upm.es\/wp-content\/uploads\/2025\/09\/Copia-de-Kit-Difusion_Poster_CATEDRAS-CIBER.jpg?resize=724%2C1024&amp;ssl=1 724w, https:\/\/i0.wp.com\/catedraciber.etsisi.upm.es\/wp-content\/uploads\/2025\/09\/Copia-de-Kit-Difusion_Poster_CATEDRAS-CIBER.jpg?resize=212%2C300&amp;ssl=1 212w, https:\/\/i0.wp.com\/catedraciber.etsisi.upm.es\/wp-content\/uploads\/2025\/09\/Copia-de-Kit-Difusion_Poster_CATEDRAS-CIBER.jpg?resize=768%2C1086&amp;ssl=1 768w, https:\/\/i0.wp.com\/catedraciber.etsisi.upm.es\/wp-content\/uploads\/2025\/09\/Copia-de-Kit-Difusion_Poster_CATEDRAS-CIBER.jpg?resize=1086%2C1536&amp;ssl=1 1086w, https:\/\/i0.wp.com\/catedraciber.etsisi.upm.es\/wp-content\/uploads\/2025\/09\/Copia-de-Kit-Difusion_Poster_CATEDRAS-CIBER.jpg?resize=8%2C12&amp;ssl=1 8w, https:\/\/i0.wp.com\/catedraciber.etsisi.upm.es\/wp-content\/uploads\/2025\/09\/Copia-de-Kit-Difusion_Poster_CATEDRAS-CIBER.jpg?w=1414&amp;ssl=1 1414w\" sizes=\"auto, (max-width: 724px) 100vw, 724px\" \/><\/figure>\n\n\n\n<p class=\"has-text-align-center\">We look forward to seeing you there!<\/p>","protected":false},"excerpt":{"rendered":"<p>Protegiendo el ma\u00f1ana: Seguridad en el Mundo Cu\u00e1ntico Principal | Registro | Agenda | Ubicaci\u00f3n Fecha: 18 de Septiembre de 16:00 a 18:00 La participaci\u00f3n en las actividades de la C\u00e1tedra de Ciberseguridad INCIBE-UPM\/ETSISI est\u00e1 reconocida como Actividad Formativa Acreditable (1 cr\u00e9dito) para todos los alumnos de la UPM (C\u00f3digo 31142) Registro\u270d\ufe0f Te invitamos a [&hellip;]<\/p>\n","protected":false},"author":1,"featured_media":0,"parent":0,"menu_order":0,"comment_status":"closed","ping_status":"closed","template":"","meta":{"footnotes":""},"class_list":["post-1276","page","type-page","status-publish","hentry"],"jetpack_sharing_enabled":true,"_links":{"self":[{"href":"https:\/\/catedraciber.etsisi.upm.es\/en\/wp-json\/wp\/v2\/pages\/1276","targetHints":{"allow":["GET"]}}],"collection":[{"href":"https:\/\/catedraciber.etsisi.upm.es\/en\/wp-json\/wp\/v2\/pages"}],"about":[{"href":"https:\/\/catedraciber.etsisi.upm.es\/en\/wp-json\/wp\/v2\/types\/page"}],"author":[{"embeddable":true,"href":"https:\/\/catedraciber.etsisi.upm.es\/en\/wp-json\/wp\/v2\/users\/1"}],"replies":[{"embeddable":true,"href":"https:\/\/catedraciber.etsisi.upm.es\/en\/wp-json\/wp\/v2\/comments?post=1276"}],"version-history":[{"count":9,"href":"https:\/\/catedraciber.etsisi.upm.es\/en\/wp-json\/wp\/v2\/pages\/1276\/revisions"}],"predecessor-version":[{"id":1325,"href":"https:\/\/catedraciber.etsisi.upm.es\/en\/wp-json\/wp\/v2\/pages\/1276\/revisions\/1325"}],"wp:attachment":[{"href":"https:\/\/catedraciber.etsisi.upm.es\/en\/wp-json\/wp\/v2\/media?parent=1276"}],"curies":[{"name":"wp","href":"https:\/\/api.w.org\/{rel}","templated":true}]}}