{"id":1273,"date":"2025-09-01T10:17:56","date_gmt":"2025-09-01T10:17:56","guid":{"rendered":"https:\/\/catedraciber.etsisi.upm.es\/?page_id=1273"},"modified":"2025-09-10T08:42:07","modified_gmt":"2025-09-10T08:42:07","slug":"meetup-iv-main","status":"publish","type":"page","link":"https:\/\/catedraciber.etsisi.upm.es\/en\/meetup-iv-main\/","title":{"rendered":"Meetup IV : Seguridad en el Mundo Cu\u00e1ntico"},"content":{"rendered":"<p><strong><em>Protegiendo el ma\u00f1ana: Seguridad en el Mundo Cu\u00e1ntico<\/em><\/strong><\/p>\n\n\n\n<p class=\"has-text-align-center\"><strong>Home <\/strong>| <a href=\"https:\/\/catedraciber.etsisi.upm.es\/en\/meetup-iv-registro\/\" data-type=\"page\" data-id=\"1276\">Registration<\/a> | <a href=\"https:\/\/catedraciber.etsisi.upm.es\/en\/meetup-iv-agenda\/\" data-type=\"page\" data-id=\"1278\">Schedule<\/a> | <a href=\"https:\/\/catedraciber.etsisi.upm.es\/en\/meetup-iv-ubicacion\/\" data-type=\"page\" data-id=\"1280\">Location<\/a><\/p>\n\n\n<p>La C\u00e1tedra de Ciberseguridad de ETSISI, en colaboraci\u00f3n con el INCIBE, acoger\u00e1 la cuarta edici\u00f3n del Meetup de Ciberseguridad:<\/p>\n<p><strong>Protegiendo el ma\u00f1ana: Seguridad en el Mundo Cu\u00e1ntico<\/strong><\/p>\n<p>Si te apasiona la <strong>ciberseguridad<\/strong> y te intrigan las nuevas tecnolog\u00edas como la <strong>computaci\u00f3n cu\u00e1ntica y la IA<\/strong>, no te puedes perder nuestro evento.<\/p>\n<p>Contando con personas expertas en distintas \u00e1reas, exploraremos c\u00f3mo una nueva amenaza (la potencia de la computaci\u00f3n cu\u00e1ntica) nos lleva a desarrollar ideas acad\u00e9micas innovadoras y c\u00f3mo estas pueden trasladarse al mundo empresarial en pocos a\u00f1os.<\/p>\n<p class=\"has-text-align-center\">\u00a1Acomp\u00e1\u00f1anos el 18 de Septiembre!<\/p>\n<p><strong>Date:<\/strong> 18 de Septiembre de 16:00 a 18:00<\/p>\n<p><em>Les rogamos que lleguen\u00a0<strong>a las 15:30\u00a0<\/strong>para poder empezar a tiempo. Quienes lleguen tarde podr\u00e1n sentarse durante el descanso entre charlas.<\/em><\/p>\n<p><span data-teams=\"true\"> <strong><em>La participaci\u00f3n en las actividades de la C\u00e1tedra de Ciberseguridad INCIBE-UPM\/ETSISI est\u00e1 reconocida como Actividad Formativa Acreditable (1 cr\u00e9dito) para todos los alumnos de la UPM (C\u00f3digo 31142)<\/em><\/strong><\/span><\/p>\n\n\n<p class=\"has-text-align-center has-x-large-font-size\" style=\"padding-top:var(--wp--preset--spacing--40);padding-bottom:var(--wp--preset--spacing--40)\"><strong>Speakers<\/strong> \ud83e\uddd1\u200d\ud83c\udfeb<\/p>\n\n\n\n<div class=\"wp-block-media-text is-stacked-on-mobile is-vertically-aligned-top\" style=\"margin-top:var(--wp--preset--spacing--20);margin-right:0;margin-bottom:var(--wp--preset--spacing--20);margin-left:0;padding-top:0;padding-right:0;padding-bottom:0;padding-left:0;grid-template-columns:30% auto\"><figure class=\"wp-block-media-text__media\"><img data-recalc-dims=\"1\" loading=\"lazy\" decoding=\"async\" width=\"240\" height=\"159\" src=\"https:\/\/i0.wp.com\/catedraciber.etsisi.upm.es\/wp-content\/uploads\/2025\/09\/harry-buhrman.jpeg?resize=240%2C159&#038;ssl=1\" alt=\"\" class=\"wp-image-1296 size-full\" srcset=\"https:\/\/i0.wp.com\/catedraciber.etsisi.upm.es\/wp-content\/uploads\/2025\/09\/harry-buhrman.jpeg?w=240&amp;ssl=1 240w, https:\/\/i0.wp.com\/catedraciber.etsisi.upm.es\/wp-content\/uploads\/2025\/09\/harry-buhrman.jpeg?resize=18%2C12&amp;ssl=1 18w\" sizes=\"auto, (max-width: 240px) 100vw, 240px\" \/><\/figure><div class=\"wp-block-media-text__content\">\n<p class=\"has-text-align-right has-large-font-size\" style=\"margin-top:0;margin-right:0;margin-bottom:0;margin-left:0\">Harry Buhrman &#8211; Quantinuum<\/p>\n\n\n\n<p style=\"margin-top:0;margin-right:0;margin-bottom:0;margin-left:0\">Director cient\u00edfico de Algoritmos e Innovaci\u00f3n en Quantinuum, empresa l\u00edder en computaci\u00f3n cu\u00e1ntica (Londres). Profesor en la Universidad de \u00c1msterdam y director fundador de QuSoft, un centro de investigaci\u00f3n de software cu\u00e1ntico. Miembro de la Real Academia Neerlandesa de Artes y Ciencias desde 2020. Fund\u00f3 uno de los primeros grupos de computaci\u00f3n cu\u00e1ntica del mundo a finales de los a\u00f1os 90.<\/p>\n<\/div><\/div>\n\n\n\n<div class=\"wp-block-media-text is-stacked-on-mobile is-vertically-aligned-top\" style=\"margin-top:var(--wp--preset--spacing--20);margin-right:0;margin-bottom:var(--wp--preset--spacing--20);margin-left:0;padding-top:0;padding-right:0;padding-bottom:0;padding-left:0;grid-template-columns:30% auto\"><figure class=\"wp-block-media-text__media\"><img data-recalc-dims=\"1\" loading=\"lazy\" decoding=\"async\" width=\"158\" height=\"240\" src=\"https:\/\/i0.wp.com\/catedraciber.etsisi.upm.es\/wp-content\/uploads\/2025\/09\/maria-isabel.jpeg?resize=158%2C240&#038;ssl=1\" alt=\"\" class=\"wp-image-1297 size-full\" srcset=\"https:\/\/i0.wp.com\/catedraciber.etsisi.upm.es\/wp-content\/uploads\/2025\/09\/maria-isabel.jpeg?w=158&amp;ssl=1 158w, https:\/\/i0.wp.com\/catedraciber.etsisi.upm.es\/wp-content\/uploads\/2025\/09\/maria-isabel.jpeg?resize=8%2C12&amp;ssl=1 8w\" sizes=\"auto, (max-width: 158px) 100vw, 158px\" \/><\/figure><div class=\"wp-block-media-text__content\">\n<p class=\"has-text-align-right has-large-font-size\" style=\"margin-top:0;margin-right:0;margin-bottom:0;margin-left:0\">Mar\u00eda Isabel Gonz\u00e1lez Vasco &#8211; UC3M<\/p>\n\n\n\n<p style=\"margin-top:0;margin-right:0;margin-bottom:0;margin-left:0\">Catedr\u00e1tica de Excelencia en el Departamento de Matem\u00e1ticas de la Universidad Carlos III de Madrid. Previamente, ha trabajado en las universidades Rey Juan Carlos y de Oviedo. Ha sido investigadora visitante en el Instituto IAKS\/EISS (Instituto de Algoritmos y Sistemas Cognitivos) de Karlsruhe y profesora de investigaci\u00f3n afiliada en el Charles E. Schmidt College of Science de la Universidad Atl\u00e1ntica de Florida.<\/p>\n<\/div><\/div>\n\n\n\n<div class=\"wp-block-media-text is-stacked-on-mobile is-vertically-aligned-top\" style=\"margin-top:var(--wp--preset--spacing--20);margin-right:0;margin-bottom:var(--wp--preset--spacing--20);margin-left:0;padding-top:0;padding-right:0;padding-bottom:0;padding-left:0;grid-template-columns:30% auto\"><figure class=\"wp-block-media-text__media\"><img data-recalc-dims=\"1\" loading=\"lazy\" decoding=\"async\" width=\"240\" height=\"240\" src=\"https:\/\/i0.wp.com\/catedraciber.etsisi.upm.es\/wp-content\/uploads\/2025\/09\/tamara.jpeg?resize=240%2C240&#038;ssl=1\" alt=\"\" class=\"wp-image-1298 size-full\" srcset=\"https:\/\/i0.wp.com\/catedraciber.etsisi.upm.es\/wp-content\/uploads\/2025\/09\/tamara.jpeg?w=240&amp;ssl=1 240w, https:\/\/i0.wp.com\/catedraciber.etsisi.upm.es\/wp-content\/uploads\/2025\/09\/tamara.jpeg?resize=150%2C150&amp;ssl=1 150w, https:\/\/i0.wp.com\/catedraciber.etsisi.upm.es\/wp-content\/uploads\/2025\/09\/tamara.jpeg?resize=12%2C12&amp;ssl=1 12w\" sizes=\"auto, (max-width: 240px) 100vw, 240px\" \/><\/figure><div class=\"wp-block-media-text__content\">\n<p class=\"has-text-align-right has-large-font-size\" style=\"margin-top:0;margin-right:0;margin-bottom:0;margin-left:0\">Tamara Finogina &#8211; Internxt<\/p>\n\n\n\n<p style=\"margin-top:0;margin-right:0;margin-bottom:0;margin-left:0\">Especialista en sistemas de votaci\u00f3n electr\u00f3nica y criptograf\u00eda poscu\u00e1ntica. Trabaja en Internxt, una empresa proveedora de servicios de ciberseguridad con sede en Valencia. Es doctora por la Universidad Polit\u00e9cnica de Catalu\u00f1a y ha sido investigadora visitante en la Universidad de Edimburgo. Ha estudiado\u00a0en el Instituto de Ingenier\u00eda F\u00edsica de Mosc\u00fa\u00a0en el Instituto de Ciencia y Tecnolog\u00eda de Skolkovo.<\/p>\n<\/div><\/div>\n\n\n\n<div class=\"wp-block-media-text is-stacked-on-mobile is-vertically-aligned-top\" style=\"margin-top:var(--wp--preset--spacing--20);margin-right:0;margin-bottom:var(--wp--preset--spacing--20);margin-left:0;padding-top:0;padding-right:0;padding-bottom:0;padding-left:0;grid-template-columns:30% auto\"><figure class=\"wp-block-media-text__media\"><img data-recalc-dims=\"1\" loading=\"lazy\" decoding=\"async\" width=\"240\" height=\"240\" src=\"https:\/\/i0.wp.com\/catedraciber.etsisi.upm.es\/wp-content\/uploads\/2025\/09\/senaida.jpeg?resize=240%2C240&#038;ssl=1\" alt=\"\" class=\"wp-image-1299 size-full\" srcset=\"https:\/\/i0.wp.com\/catedraciber.etsisi.upm.es\/wp-content\/uploads\/2025\/09\/senaida.jpeg?w=240&amp;ssl=1 240w, https:\/\/i0.wp.com\/catedraciber.etsisi.upm.es\/wp-content\/uploads\/2025\/09\/senaida.jpeg?resize=150%2C150&amp;ssl=1 150w, https:\/\/i0.wp.com\/catedraciber.etsisi.upm.es\/wp-content\/uploads\/2025\/09\/senaida.jpeg?resize=12%2C12&amp;ssl=1 12w\" sizes=\"auto, (max-width: 240px) 100vw, 240px\" \/><\/figure><div class=\"wp-block-media-text__content\">\n<p class=\"has-text-align-right has-large-font-size\" style=\"margin-top:0;margin-right:0;margin-bottom:0;margin-left:0\">Senaida Hern\u00e1ndez Santana &#8211; BBVA<\/p>\n\n\n\n<p>Cient\u00edfica investigadora en BBVA Quantum, con sede en Madrid. Es doctora en F\u00edsica por el ICFO-Instituto de Ciencias Fot\u00f3nicas de Barcelona y la Universidad Polit\u00e9cnica de Catalu\u00f1a. Anteriormente, trabaj\u00f3 como investigadora postdoctoral en la UPM y realiz\u00f3 estancias en el Instituto de Estructura de la Materia del CSIC, en Madrid, y en el Departamento de F\u00edsica Fundamental de la Universidad de La Laguna.<\/p>\n<\/div><\/div>","protected":false},"excerpt":{"rendered":"<p>Protegiendo el ma\u00f1ana: Seguridad en el Mundo Cu\u00e1ntico Principal | Registro | Agenda | Ubicaci\u00f3n La C\u00e1tedra de Ciberseguridad de ETSISI, en colaboraci\u00f3n con el INCIBE, acoger\u00e1 la cuarta edici\u00f3n del Meetup de Ciberseguridad: Protegiendo el ma\u00f1ana: Seguridad en el Mundo Cu\u00e1ntico Si te apasiona la ciberseguridad y te intrigan las nuevas tecnolog\u00edas como la [&hellip;]<\/p>\n","protected":false},"author":1,"featured_media":0,"parent":0,"menu_order":0,"comment_status":"closed","ping_status":"closed","template":"","meta":{"footnotes":""},"class_list":["post-1273","page","type-page","status-publish","hentry"],"jetpack_sharing_enabled":true,"_links":{"self":[{"href":"https:\/\/catedraciber.etsisi.upm.es\/en\/wp-json\/wp\/v2\/pages\/1273","targetHints":{"allow":["GET"]}}],"collection":[{"href":"https:\/\/catedraciber.etsisi.upm.es\/en\/wp-json\/wp\/v2\/pages"}],"about":[{"href":"https:\/\/catedraciber.etsisi.upm.es\/en\/wp-json\/wp\/v2\/types\/page"}],"author":[{"embeddable":true,"href":"https:\/\/catedraciber.etsisi.upm.es\/en\/wp-json\/wp\/v2\/users\/1"}],"replies":[{"embeddable":true,"href":"https:\/\/catedraciber.etsisi.upm.es\/en\/wp-json\/wp\/v2\/comments?post=1273"}],"version-history":[{"count":11,"href":"https:\/\/catedraciber.etsisi.upm.es\/en\/wp-json\/wp\/v2\/pages\/1273\/revisions"}],"predecessor-version":[{"id":1333,"href":"https:\/\/catedraciber.etsisi.upm.es\/en\/wp-json\/wp\/v2\/pages\/1273\/revisions\/1333"}],"wp:attachment":[{"href":"https:\/\/catedraciber.etsisi.upm.es\/en\/wp-json\/wp\/v2\/media?parent=1273"}],"curies":[{"name":"wp","href":"https:\/\/api.w.org\/{rel}","templated":true}]}}