{"id":1019,"date":"2025-04-23T11:03:03","date_gmt":"2025-04-23T11:03:03","guid":{"rendered":"https:\/\/catedraciber.etsisi.upm.es\/?page_id=1019"},"modified":"2025-08-18T20:53:26","modified_gmt":"2025-08-18T20:53:26","slug":"escuela-de-doctorado","status":"publish","type":"page","link":"https:\/\/catedraciber.etsisi.upm.es\/en\/escuela-de-doctorado\/","title":{"rendered":"Postgraduate Summer School II"},"content":{"rendered":"<div class=\"wp-block-columns is-layout-flex wp-container-core-columns-is-layout-28f84493 wp-block-columns-is-layout-flex\">\n<div class=\"wp-block-column is-layout-flow wp-block-column-is-layout-flow\">\n<h4 class=\"wp-block-heading\"><strong>Home<\/strong><\/h4>\n<\/div>\n\n\n\n<div class=\"wp-block-column is-layout-flow wp-block-column-is-layout-flow\">\n<h5 class=\"wp-block-heading\"><a href=\"https:\/\/catedraciber.etsisi.upm.es\/en\/escuela-de-doctorado-charlas\/\" data-type=\"page\" data-id=\"947\">Speakers<\/a><\/h5>\n<\/div>\n\n\n\n<div class=\"wp-block-column is-layout-flow wp-block-column-is-layout-flow\">\n<h5 class=\"wp-block-heading\"><a href=\"https:\/\/catedraciber.etsisi.upm.es\/en\/escuala-de-doctorado-horario\/\" data-type=\"page\" data-id=\"949\">Schedule<\/a><\/h5>\n<\/div>\n\n\n\n<div class=\"wp-block-column is-layout-flow wp-block-column-is-layout-flow\">\n<h5 class=\"wp-block-heading\"><a href=\"https:\/\/catedraciber.etsisi.upm.es\/en\/escuela-de-doctorado-actividades\/\" data-type=\"page\" data-id=\"951\">Activities<\/a><\/h5>\n<\/div>\n\n\n\n<div class=\"wp-block-column is-layout-flow wp-block-column-is-layout-flow\">\n<h5 class=\"wp-block-heading\"><a href=\"https:\/\/catedraciber.etsisi.upm.es\/en\/escuela-de-doctorado-residencia\/\" data-type=\"page\" data-id=\"953\">Accommodation<\/a><\/h5>\n<\/div>\n\n\n\n<div class=\"wp-block-column is-layout-flow wp-block-column-is-layout-flow\">\n<h5 class=\"wp-block-heading\"><a href=\"https:\/\/catedraciber.etsisi.upm.es\/en\/escuela-de-doctorado-registro\/\" data-type=\"page\" data-id=\"955\">Registration<\/a><\/h5>\n<\/div>\n\n\n\n<div class=\"wp-block-column is-layout-flow wp-block-column-is-layout-flow\">\n<h5 class=\"wp-block-heading\"><a href=\"https:\/\/catedraciber.etsisi.upm.es\/en\/escuela-de-doctorado-como-llegar\/\" data-type=\"page\" data-id=\"958\">How to get there<\/a><\/h5>\n<\/div>\n<\/div>\n\n\n\n<div class=\"wp-block-group is-horizontal is-content-justification-left is-nowrap is-layout-flex wp-container-core-group-is-layout-e5fbeb3a wp-block-group-is-layout-flex\">\n<div class=\"wp-block-columns is-layout-flex wp-container-core-columns-is-layout-28f84493 wp-block-columns-is-layout-flex\">\n<div class=\"wp-block-column is-layout-flow wp-block-column-is-layout-flow\" style=\"flex-basis:100%\">\n<hr class=\"wp-block-separator aligncenter has-alpha-channel-opacity\" style=\"margin-top:var(--wp--preset--spacing--30);margin-bottom:var(--wp--preset--spacing--30)\"\/>\n\n\n\n<figure class=\"wp-block-image aligncenter size-full is-resized\"><img data-recalc-dims=\"1\" loading=\"lazy\" decoding=\"async\" width=\"1144\" height=\"645\" src=\"https:\/\/i0.wp.com\/catedraciber.etsisi.upm.es\/wp-content\/uploads\/2025\/08\/EscuelaVerano2025LastExtension.png?resize=1144%2C645&#038;ssl=1\" alt=\"\" class=\"wp-image-1241\" style=\"width:747px;height:auto\" srcset=\"https:\/\/i0.wp.com\/catedraciber.etsisi.upm.es\/wp-content\/uploads\/2025\/08\/EscuelaVerano2025LastExtension.png?w=1144&amp;ssl=1 1144w, https:\/\/i0.wp.com\/catedraciber.etsisi.upm.es\/wp-content\/uploads\/2025\/08\/EscuelaVerano2025LastExtension.png?resize=300%2C169&amp;ssl=1 300w, https:\/\/i0.wp.com\/catedraciber.etsisi.upm.es\/wp-content\/uploads\/2025\/08\/EscuelaVerano2025LastExtension.png?resize=1024%2C577&amp;ssl=1 1024w, https:\/\/i0.wp.com\/catedraciber.etsisi.upm.es\/wp-content\/uploads\/2025\/08\/EscuelaVerano2025LastExtension.png?resize=768%2C433&amp;ssl=1 768w, https:\/\/i0.wp.com\/catedraciber.etsisi.upm.es\/wp-content\/uploads\/2025\/08\/EscuelaVerano2025LastExtension.png?resize=18%2C10&amp;ssl=1 18w\" sizes=\"auto, (max-width: 1000px) 100vw, 1000px\" \/><\/figure>\n\n\n\n<p class=\"has-text-align-left\">The objective of the summer schools organized by the Chair is to deepen a research topic focused on the field of security, through lectures by international researchers and group activities.<br><br>The 2025 edition will explore current challenges in cybersecurity, including cybercrime, drones, wireless systems, and machine learning security.<\/p>\n\n\n\n<p class=\"has-text-align-left\"><br> La escuela de verano 2025 tendr\u00e1 lugar <strong>from September 7th to the 14th<\/strong> at the <a href=\"https:\/\/residencialucasolazabal.es\" data-type=\"link\" data-id=\"https:\/\/residencialucasolazabal.es\" target=\"_blank\" rel=\"noreferrer noopener\">Lucas Olazabal Hall of Residence in Cercedilla<\/a>, just 50 minutes away from Madrid's Center. <strong><strong>Deadline for early registration is 22nd July 202<\/strong>5.<\/strong> Participants will receive a certificate after attendance to the school.<\/p>\n\n\n\n<figure class=\"wp-block-image aligncenter size-large is-resized\"><img data-recalc-dims=\"1\" loading=\"lazy\" decoding=\"async\" width=\"1024\" height=\"768\" src=\"https:\/\/i0.wp.com\/catedraciber.etsisi.upm.es\/wp-content\/uploads\/2024\/06\/IMG_0469-2.jpg?resize=1024%2C768&#038;ssl=1\" alt=\"\" class=\"wp-image-412\" style=\"width:633px;height:auto\" srcset=\"https:\/\/i0.wp.com\/catedraciber.etsisi.upm.es\/wp-content\/uploads\/2024\/06\/IMG_0469-2-scaled.jpg?resize=1024%2C768&amp;ssl=1 1024w, https:\/\/i0.wp.com\/catedraciber.etsisi.upm.es\/wp-content\/uploads\/2024\/06\/IMG_0469-2-scaled.jpg?resize=300%2C225&amp;ssl=1 300w, https:\/\/i0.wp.com\/catedraciber.etsisi.upm.es\/wp-content\/uploads\/2024\/06\/IMG_0469-2-scaled.jpg?resize=768%2C576&amp;ssl=1 768w, https:\/\/i0.wp.com\/catedraciber.etsisi.upm.es\/wp-content\/uploads\/2024\/06\/IMG_0469-2-scaled.jpg?resize=1536%2C1152&amp;ssl=1 1536w, https:\/\/i0.wp.com\/catedraciber.etsisi.upm.es\/wp-content\/uploads\/2024\/06\/IMG_0469-2-scaled.jpg?resize=2048%2C1536&amp;ssl=1 2048w, https:\/\/i0.wp.com\/catedraciber.etsisi.upm.es\/wp-content\/uploads\/2024\/06\/IMG_0469-2-scaled.jpg?resize=16%2C12&amp;ssl=1 16w\" sizes=\"auto, (max-width: 1000px) 100vw, 1000px\" \/><\/figure>\n\n\n\n<p class=\"has-text-align-left\">The summer school will allow you to look into a variety of topics within the field of Security, identify new research trends, meet forerunners in this research field, and network with other international students, all in an unparalleled natural setting just 50 minutes from the center of Madrid. If you are a PhD student or a master's student interested in research, the summer school will enable you to deepen your understanding of these topics alongside top-tier international researchers<\/p>\n\n\n\n<figure data-wp-context=\"{&quot;imageId&quot;:&quot;69fb4d274838a&quot;}\" data-wp-interactive=\"core\/image\" data-wp-key=\"69fb4d274838a\" class=\"wp-block-image aligncenter size-large is-resized has-custom-border wp-lightbox-container\"><img data-recalc-dims=\"1\" loading=\"lazy\" decoding=\"async\" width=\"1024\" height=\"324\" data-wp-class--hide=\"state.isContentHidden\" data-wp-class--show=\"state.isContentVisible\" data-wp-init=\"callbacks.setButtonStyles\" data-wp-on--click=\"actions.showLightbox\" data-wp-on--load=\"callbacks.setButtonStyles\" data-wp-on-window--resize=\"callbacks.setButtonStyles\" src=\"https:\/\/i0.wp.com\/catedraciber.etsisi.upm.es\/wp-content\/uploads\/2024\/06\/cropped-salon.png?resize=1024%2C324&#038;ssl=1\" alt=\"\" class=\"wp-image-292\" style=\"border-style:none;border-width:0px;border-radius:12px;width:727px;height:auto\" srcset=\"https:\/\/i0.wp.com\/catedraciber.etsisi.upm.es\/wp-content\/uploads\/2024\/06\/cropped-salon.png?resize=1024%2C324&amp;ssl=1 1024w, https:\/\/i0.wp.com\/catedraciber.etsisi.upm.es\/wp-content\/uploads\/2024\/06\/cropped-salon.png?resize=300%2C95&amp;ssl=1 300w, https:\/\/i0.wp.com\/catedraciber.etsisi.upm.es\/wp-content\/uploads\/2024\/06\/cropped-salon.png?resize=768%2C243&amp;ssl=1 768w, https:\/\/i0.wp.com\/catedraciber.etsisi.upm.es\/wp-content\/uploads\/2024\/06\/cropped-salon.png?resize=18%2C6&amp;ssl=1 18w, https:\/\/i0.wp.com\/catedraciber.etsisi.upm.es\/wp-content\/uploads\/2024\/06\/cropped-salon.png?w=1038&amp;ssl=1 1038w\" sizes=\"auto, (max-width: 1000px) 100vw, 1000px\" \/><button\n\t\t\tclass=\"lightbox-trigger\"\n\t\t\ttype=\"button\"\n\t\t\taria-haspopup=\"dialog\"\n\t\t\taria-label=\"Enlarge\"\n\t\t\tdata-wp-init=\"callbacks.initTriggerButton\"\n\t\t\tdata-wp-on--click=\"actions.showLightbox\"\n\t\t\tdata-wp-style--right=\"state.imageButtonRight\"\n\t\t\tdata-wp-style--top=\"state.imageButtonTop\"\n\t\t>\n\t\t\t<svg xmlns=\"http:\/\/www.w3.org\/2000\/svg\" width=\"12\" height=\"12\" fill=\"none\" viewbox=\"0 0 12 12\">\n\t\t\t\t<path fill=\"#fff\" d=\"M2 0a2 2 0 0 0-2 2v2h1.5V2a.5.5 0 0 1 .5-.5h2V0H2Zm2 10.5H2a.5.5 0 0 1-.5-.5V8H0v2a2 2 0 0 0 2 2h2v-1.5ZM8 12v-1.5h2a.5.5 0 0 0 .5-.5V8H12v2a2 2 0 0 1-2 2H8Zm2-12a2 2 0 0 1 2 2v2h-1.5V2a.5.5 0 0 0-.5-.5H8V0h2Z\" \/>\n\t\t\t<\/svg>\n\t\t<\/button><\/figure>\n\n\n\n<p class=\"has-text-align-left\"><br>In this second edition of the doctoral school, you'll be able to attend lectures by prestigious researchers, participate in group activities, and discover the natural environment and rich cultural offerings of Madrid and its surroundings.<\/p>\n\n\n\n<figure data-wp-context=\"{&quot;imageId&quot;:&quot;69fb4d2748608&quot;}\" data-wp-interactive=\"core\/image\" data-wp-key=\"69fb4d2748608\" class=\"wp-block-image aligncenter size-full is-resized has-custom-border wp-lightbox-container\"><img data-recalc-dims=\"1\" loading=\"lazy\" decoding=\"async\" width=\"1024\" height=\"629\" data-wp-class--hide=\"state.isContentHidden\" data-wp-class--show=\"state.isContentVisible\" data-wp-init=\"callbacks.setButtonStyles\" data-wp-on--click=\"actions.showLightbox\" data-wp-on--load=\"callbacks.setButtonStyles\" data-wp-on-window--resize=\"callbacks.setButtonStyles\" src=\"https:\/\/i0.wp.com\/catedraciber.etsisi.upm.es\/wp-content\/uploads\/2025\/05\/image.png?resize=1024%2C629&#038;ssl=1\" alt=\"This image has an empty alt attribute; its file name is terraza-escverano-1024x629.png\" class=\"wp-image-1083\" style=\"border-radius:12px;width:715px;height:auto\" srcset=\"https:\/\/i0.wp.com\/catedraciber.etsisi.upm.es\/wp-content\/uploads\/2025\/05\/image.png?w=1024&amp;ssl=1 1024w, https:\/\/i0.wp.com\/catedraciber.etsisi.upm.es\/wp-content\/uploads\/2025\/05\/image.png?resize=300%2C184&amp;ssl=1 300w, https:\/\/i0.wp.com\/catedraciber.etsisi.upm.es\/wp-content\/uploads\/2025\/05\/image.png?resize=768%2C472&amp;ssl=1 768w, https:\/\/i0.wp.com\/catedraciber.etsisi.upm.es\/wp-content\/uploads\/2025\/05\/image.png?resize=18%2C12&amp;ssl=1 18w\" sizes=\"auto, (max-width: 1000px) 100vw, 1000px\" \/><button\n\t\t\tclass=\"lightbox-trigger\"\n\t\t\ttype=\"button\"\n\t\t\taria-haspopup=\"dialog\"\n\t\t\taria-label=\"Enlarge\"\n\t\t\tdata-wp-init=\"callbacks.initTriggerButton\"\n\t\t\tdata-wp-on--click=\"actions.showLightbox\"\n\t\t\tdata-wp-style--right=\"state.imageButtonRight\"\n\t\t\tdata-wp-style--top=\"state.imageButtonTop\"\n\t\t>\n\t\t\t<svg xmlns=\"http:\/\/www.w3.org\/2000\/svg\" width=\"12\" height=\"12\" fill=\"none\" viewbox=\"0 0 12 12\">\n\t\t\t\t<path fill=\"#fff\" d=\"M2 0a2 2 0 0 0-2 2v2h1.5V2a.5.5 0 0 1 .5-.5h2V0H2Zm2 10.5H2a.5.5 0 0 1-.5-.5V8H0v2a2 2 0 0 0 2 2h2v-1.5ZM8 12v-1.5h2a.5.5 0 0 0 .5-.5V8H12v2a2 2 0 0 1-2 2H8Zm2-12a2 2 0 0 1 2 2v2h-1.5V2a.5.5 0 0 0-.5-.5H8V0h2Z\" \/>\n\t\t\t<\/svg>\n\t\t<\/button><\/figure>\n\n\n\n<p class=\"has-text-align-left\"><br>Registration for the school includes accommodation, full board, all research activities, and a set of additional cultural activities. If you have any questions regarding the school, do not hesitate to contact us at <a href=\"mailto:catedra.ciberseguridad.etsisi@upm.es\" target=\"_blank\" rel=\"noreferrer noopener\">If you have any questions you can email us at cater.ciberseguridad.etsisi@upm.es<\/a>.<\/p>\n\n\n\n<p class=\"has-text-align-center\">For more information about the registration process, you can click <strong><a href=\"https:\/\/catedraciber.etsisi.upm.es\/en\/escuela-de-doctorado-registro\/\">right here<\/a><a href=\"https:\/\/catedraciber.etsisi.upm.es\/en\/?page_id=222\/\">.<\/a><\/strong><\/p>\n\n\n\n<p class=\"has-text-align-center has-small-font-size\">&nbsp;<em>This activity is carried out as part of the INCIBE-ETSISI\/UPM Chair (C122\/23), resulting from a collaboration agreement between the National Cybersecurity Institute (INCIBE) and the Technical University of Madrid. This initiative is conducted within the framework of the funds from the Recovery, Transformation, and Resilience Plan, financed by the European Union (Next Generation), the Spanish Government's project that outlines the roadmap for modernizing the Spanish economy, recovering economic growth and job creation, achieving a solid, inclusive, and resilient economic recovery after the COVID-19 crisis, and addressing the challenges of the next decade.<\/em><br><br><\/p>\n<\/div>\n<\/div>\n<\/div>","protected":false},"excerpt":{"rendered":"<p>Principal Charlas Horario Actividades Residencia Registro C\u00f3mo llegar El objetivo de las escuelas de verano organizadas por la c\u00e1tedra es profundizar en un tema de investigaci\u00f3n centrado en el \u00e1mbito de la seguridad, mediante ponencias de investigadores internacionales y actividades en grupo. La edici\u00f3n de 2025 abordar\u00e1 los retos actuales en ciberseguridad, incluyendo el Cibercrimen, [&hellip;]<\/p>\n","protected":false},"author":1,"featured_media":0,"parent":0,"menu_order":0,"comment_status":"closed","ping_status":"closed","template":"","meta":{"footnotes":""},"class_list":["post-1019","page","type-page","status-publish","hentry"],"jetpack_sharing_enabled":true,"_links":{"self":[{"href":"https:\/\/catedraciber.etsisi.upm.es\/en\/wp-json\/wp\/v2\/pages\/1019","targetHints":{"allow":["GET"]}}],"collection":[{"href":"https:\/\/catedraciber.etsisi.upm.es\/en\/wp-json\/wp\/v2\/pages"}],"about":[{"href":"https:\/\/catedraciber.etsisi.upm.es\/en\/wp-json\/wp\/v2\/types\/page"}],"author":[{"embeddable":true,"href":"https:\/\/catedraciber.etsisi.upm.es\/en\/wp-json\/wp\/v2\/users\/1"}],"replies":[{"embeddable":true,"href":"https:\/\/catedraciber.etsisi.upm.es\/en\/wp-json\/wp\/v2\/comments?post=1019"}],"version-history":[{"count":20,"href":"https:\/\/catedraciber.etsisi.upm.es\/en\/wp-json\/wp\/v2\/pages\/1019\/revisions"}],"predecessor-version":[{"id":1242,"href":"https:\/\/catedraciber.etsisi.upm.es\/en\/wp-json\/wp\/v2\/pages\/1019\/revisions\/1242"}],"wp:attachment":[{"href":"https:\/\/catedraciber.etsisi.upm.es\/en\/wp-json\/wp\/v2\/media?parent=1019"}],"curies":[{"name":"wp","href":"https:\/\/api.w.org\/{rel}","templated":true}]}}